{"id":11095,"date":"2019-12-20T12:52:40","date_gmt":"2019-12-20T11:52:40","guid":{"rendered":"https:\/\/www.elcarmelo.eus\/?page_id=11095"},"modified":"2024-01-25T18:33:45","modified_gmt":"2024-01-25T17:33:45","slug":"proyecto-educativo-0-18","status":"publish","type":"page","link":"https:\/\/elcarmelo.eus\/es\/proyecto-educativo-0-18\/","title":{"rendered":"Proyecto educativo 0-18"},"content":{"rendered":"\n<div class=\"wp-block-columns estructura3 is-layout-flex wp-container-core-columns-is-layout-9d6595d7 wp-block-columns-is-layout-flex\">\n<div class=\"wp-block-column is-layout-flow wp-block-column-is-layout-flow\">\n<h2 class=\"wp-block-heading has-text-align-center\" id=\"zikloak\">Ciclos<\/h2>\n\n\n\n<div class=\"wp-block-columns is-layout-flex wp-container-core-columns-is-layout-9d6595d7 wp-block-columns-is-layout-flex\">\n<div class=\"wp-block-column is-layout-flow wp-block-column-is-layout-flow\">\n<div class=\"wp-block-columns is-layout-flex wp-container-core-columns-is-layout-9d6595d7 wp-block-columns-is-layout-flex\">\n<div class=\"wp-block-column is-layout-flow wp-block-column-is-layout-flow\">\n<h3 class=\"wp-block-heading has-text-align-center h3\"><a href=\"https:\/\/elcarmelo.eus\/hezkuntza-proiektua-0-18\/haurreskola-0-3-urte\/\">Haurreskola<\/a><\/h3>\n\n\n\n<p class=\"has-text-align-center imagen grande\">0-3 a\u00f1os<br><img loading=\"lazy\" decoding=\"async\" width=\"150\" height=\"100\" class=\"wp-image-13939\" style=\"width: 150px;\" src=\"https:\/\/elcarmelo.eus\/wp-content\/uploads\/2020\/02\/f2.jpg\" alt=\"\" srcset=\"https:\/\/elcarmelo.eus\/wp-content\/uploads\/2020\/02\/f2.jpg 900w, https:\/\/elcarmelo.eus\/wp-content\/uploads\/2020\/02\/f2-300x200.jpg 300w, https:\/\/elcarmelo.eus\/wp-content\/uploads\/2020\/02\/f2-768x512.jpg 768w, https:\/\/elcarmelo.eus\/wp-content\/uploads\/2020\/02\/f2-700x466.jpg 700w, https:\/\/elcarmelo.eus\/wp-content\/uploads\/2020\/02\/f2-440x293.jpg 440w\" sizes=\"auto, (max-width: 150px) 100vw, 150px\" \/><\/p>\n<\/div>\n\n\n\n<div class=\"wp-block-column is-layout-flow wp-block-column-is-layout-flow\">\n<h3 class=\"wp-block-heading has-text-align-center h3\"><a href=\"https:\/\/elcarmelo.eus\/hezkuntza-proiektua-0-18\/haur-hezkuntza-3-6-urte\/\">Educaci\u00f3n infantil <\/a><\/h3>\n\n\n\n<p class=\"has-text-align-center imagen grande\">3-6 a\u00f1os<br><img loading=\"lazy\" decoding=\"async\" width=\"150\" height=\"113\" class=\"wp-image-42094\" style=\"width: 150px;\" src=\"https:\/\/elcarmelo.eus\/wp-content\/uploads\/2023\/02\/IMG-6225-scaled.jpg\" alt=\"\" srcset=\"https:\/\/elcarmelo.eus\/wp-content\/uploads\/2023\/02\/IMG-6225-scaled.jpg 2560w, https:\/\/elcarmelo.eus\/wp-content\/uploads\/2023\/02\/IMG-6225-1200x900.jpg 1200w, https:\/\/elcarmelo.eus\/wp-content\/uploads\/2023\/02\/IMG-6225-768x576.jpg 768w, https:\/\/elcarmelo.eus\/wp-content\/uploads\/2023\/02\/IMG-6225-1536x1152.jpg 1536w, https:\/\/elcarmelo.eus\/wp-content\/uploads\/2023\/02\/IMG-6225-2048x1536.jpg 2048w\" sizes=\"auto, (max-width: 150px) 100vw, 150px\" \/><\/p>\n<\/div>\n\n\n\n<div class=\"wp-block-column is-layout-flow wp-block-column-is-layout-flow\">\n<h3 class=\"wp-block-heading has-text-align-center h3\"><a href=\"https:\/\/elcarmelo.eus\/hezkuntza-proiektua-0-18\/derrigorrezko-bigarren-hezkuntza-12-16-urte\/\">Educaci\u00f3n primaria<\/a><\/h3>\n\n\n\n<p class=\"has-text-align-center imagen grande\">6-12 a\u00f1os<br><img loading=\"lazy\" decoding=\"async\" width=\"150\" height=\"100\" class=\"wp-image-13666\" style=\"width: 150px;\" src=\"https:\/\/elcarmelo.eus\/wp-content\/uploads\/2020\/02\/primaria.jpg\" alt=\"Educaci\u00f3n Primaria\" srcset=\"https:\/\/elcarmelo.eus\/wp-content\/uploads\/2020\/02\/primaria.jpg 425w, https:\/\/elcarmelo.eus\/wp-content\/uploads\/2020\/02\/primaria-300x200.jpg 300w\" sizes=\"auto, (max-width: 150px) 100vw, 150px\" \/><\/p>\n<\/div>\n\n\n\n<div class=\"wp-block-column is-layout-flow wp-block-column-is-layout-flow\">\n<h3 class=\"wp-block-heading has-text-align-center h3\"><a href=\"https:\/\/www.elcarmelo.eus\/eu\/hezkuntza-proiektua-0-18\/derrigorrezko-bigarren-hezkuntza-12-16-urte\/\">Educ. secundaria<\/a><\/h3>\n\n\n\n<p class=\"has-text-align-center grande\">12-16 a\u00f1os<br><img loading=\"lazy\" decoding=\"async\" width=\"150\" height=\"113\" class=\"wp-image-22999\" style=\"width: 150px;\" src=\"https:\/\/elcarmelo.eus\/wp-content\/uploads\/2018\/05\/IMG_4265.jpg\" alt=\"\" srcset=\"https:\/\/elcarmelo.eus\/wp-content\/uploads\/2018\/05\/IMG_4265.jpg 800w, https:\/\/elcarmelo.eus\/wp-content\/uploads\/2018\/05\/IMG_4265-768x576.jpg 768w\" sizes=\"auto, (max-width: 150px) 100vw, 150px\" \/><\/p>\n<\/div>\n\n\n\n<div class=\"wp-block-column is-layout-flow wp-block-column-is-layout-flow\">\n<h3 class=\"wp-block-heading has-text-align-center h3\"><a href=\"https:\/\/elcarmelo.eus\/hezkuntza-proiektua-0-18\/batxilergoa-16-18-urte\/\">Bachiller<\/a><\/h3>\n\n\n\n<p class=\"has-text-align-center grande\">16-18 a\u00f1os<img loading=\"lazy\" decoding=\"async\" width=\"150\" height=\"113\" class=\"wp-image-23038\" style=\"width: 150px;\" src=\"https:\/\/elcarmelo.eus\/wp-content\/uploads\/2018\/04\/residencia.jpg\" alt=\"\" srcset=\"https:\/\/elcarmelo.eus\/wp-content\/uploads\/2018\/04\/residencia.jpg 800w, https:\/\/elcarmelo.eus\/wp-content\/uploads\/2018\/04\/residencia-768x576.jpg 768w\" sizes=\"auto, (max-width: 150px) 100vw, 150px\" \/><\/p>\n<\/div>\n<\/div>\n<\/div>\n<\/div>\n\n\n\n<h2 class=\"wp-block-heading has-text-align-center\"><br><\/h2>\n<\/div>\n<\/div>\n\n\n<div class=\"wp-block-image\">\n<figure class=\"aligncenter\" id=\"pedagogiaavanzada\"><img decoding=\"async\" src=\"https:\/\/www.elcarmelo.eus\/wp-content\/uploads\/2020\/06\/pedagogia-avanzada-1024x576.jpg\" alt=\"El Carmelo Ikastetxea: pedagog\u00eda avanzada\"\/><\/figure>\n<\/div>\n\n\n<div class=\"wp-block-columns estructura1 is-layout-flex wp-container-core-columns-is-layout-9d6595d7 wp-block-columns-is-layout-flex\">\n<div class=\"wp-block-column is-layout-flow wp-block-column-is-layout-flow\">\n<h2 class=\"wp-block-heading\">Pedagog\u00eda avanzada<\/h2>\n\n\n\n<p>La formaci\u00f3n permanente del profesorado y la pertenencia a Kristau Eskola sit\u00faan la pedagog\u00eda y la did\u00e1ctica de El Carmelo Ikastetxea en la vanguardia educativa.<\/p>\n\n\n\n<p>El Carmelo tambi\u00e9n trabaja en l\u00ednea con otros colegios carmelitanos, con frecuentes encuentros entre profesionales que comparten t\u00e9cnicas y conocimientos.<\/p>\n<\/div>\n<\/div>\n\n\n<div class=\"wp-block-image\">\n<figure class=\"aligncenter\" id=\"proyectolinguistico\"><img decoding=\"async\" src=\"https:\/\/www.elcarmelo.eus\/wp-content\/uploads\/2020\/02\/proyecto-linguistico-2.jpg\" alt=\"\"\/><\/figure>\n<\/div>\n\n\n<div class=\"wp-block-columns estructura1 is-layout-flex wp-container-core-columns-is-layout-9d6595d7 wp-block-columns-is-layout-flex\">\n<div class=\"wp-block-column estructura1 is-layout-flow wp-block-column-is-layout-flow\">\n<h2 class=\"wp-block-heading\">Proyecto ling\u00fc\u00edstico<\/h2>\n\n\n\n<p><strong>Vocaci\u00f3n triling\u00fce plenamente integrada<\/strong><\/p>\n\n\n\n<p>Somos un Colegio <strong>modelo D<\/strong> -euskaldun- comprometido en proporcionar a alumnos y alumnas una formaci\u00f3n de calidad en el uso de los idiomas, y trabajamos para que el alumnado sea competente en su uso al t\u00e9rmino de sus estudios. Capacitamos al alumnado para la obtenci\u00f3n del C1 en <strong>euskera<\/strong>.&nbsp;<\/p>\n\n\n\n<p>El <strong>ingl\u00e9s<\/strong> se comienza a impartir a partir de los 3 a\u00f1os. En colaboraci\u00f3n con la AMPA, el Colegio desarrolla un ambicioso proyecto para potenciar su importancia troncal, garantizando un buen nivel de dominio al acabar la etapa Secundaria Obligatoria, ESO, y dando continuidad en la etapa de Bachiller.<\/p>\n\n\n\n<p>El ingl\u00e9s se utilizar\u00e1 como lengua vehicular en toda la Educaci\u00f3n Primaria, en las asignaturas de Pl\u00e1stica y Educaci\u00f3n F\u00edsica, garantizando un buen nivel al acabar la ESO. Adem\u00e1s, se realizan intercambios de los alumnos\/as de 4\u00ba de ESO con un colegio de Dinamarca. Nuestros alumnos y alumnas tienen la posibilidad de obtener los t\u00edtulos oficiales de ingl\u00e9s a trav\u00e9s del propio centro (<strong>PET<\/strong> y <strong>First Certificate<\/strong> de la <strong>Universidad de Cambridge<\/strong>).<\/p>\n\n\n\n<p>Adem\u00e1s, El Carmelo oferta a su alumnado de Secundaria Obligatoria y Bachiller la posibilidad de aprender <strong>alem\u00e1n<\/strong>, idioma que se imparte como asignatura optativa. De esta manera, al terminar Bachillerato, adem\u00e1s del euskera, castellano e ingl\u00e9s, tendr\u00e1n el conocimiento de una cuarta lengua.<\/p>\n\n\n\n<p><strong>Bachillerato Dual:<\/strong><\/p>\n\n\n\n<p>A trav\u00e9s de un convenio con \u201cAcademica Corporation\u201d, ofrecemos la posibilidad de cursar simult\u00e1neamente el bachillerato <strong>espa\u00f1ol y americano<\/strong> (American High School Diploma).<\/p>\n<\/div>\n<\/div>\n\n\n<div class=\"wp-block-image grande\">\n<figure class=\"aligncenter is-resized\" id=\"amigableyseguro\"><img decoding=\"async\" src=\"https:\/\/www.elcarmelo.eus\/wp-content\/uploads\/2020\/02\/f2.jpg\" alt=\"\" style=\"width:1024px\"\/><\/figure>\n<\/div>\n\n\n<div class=\"wp-block-columns estructura1 is-layout-flex wp-container-core-columns-is-layout-9d6595d7 wp-block-columns-is-layout-flex\">\n<div class=\"wp-block-column estructura1 is-layout-flow wp-block-column-is-layout-flow\">\n<h2 class=\"wp-block-heading\">Amigable y seguro<\/h2>\n\n\n\n<p>Confiamos en nuestros alumnos y alumnas y en toda nuestra comunidad educativa. Es labor de todas y todos impulsar una convivencia de calidad, un medio amigo y seguro en el que evolucionar haciendo un uso pleno y responsable de la libertad y el respeto.<\/p>\n<\/div>\n<\/div>\n\n\n<div class=\"wp-block-image\">\n<figure class=\"aligncenter\" id=\"aprendizajeporservicio\"><img decoding=\"async\" src=\"https:\/\/www.elcarmelo.eus\/wp-content\/uploads\/2020\/06\/aprendizaje-por-servicio-1024x576.jpg\" alt=\"APRENDIZAJE POR SERVICIO\"\/><\/figure>\n<\/div>\n\n\n<div class=\"wp-block-columns estructura1 is-layout-flex wp-container-core-columns-is-layout-9d6595d7 wp-block-columns-is-layout-flex\">\n<div class=\"wp-block-column is-layout-flow wp-block-column-is-layout-flow\">\n<h2 class=\"wp-block-heading\">Aprendizaje por servicio<\/h2>\n\n\n\n<p>Los proyectos ApS, Aprendizaje por Servicio, unen la Fe, el desarrollo educativo y el servicio social. Con esta metodolog\u00eda, alumnos y alumnas mejoran su proceso de aprendizaje tomando consciencia del alcance de su trabajo en la realidad, y se sienten fuertemente motivados mientras construyen una personalidad ciudadana responsable.<\/p>\n<\/div>\n<\/div>\n\n\n<div class=\"wp-block-image\">\n<figure class=\"aligncenter\" id=\"musica\"><img decoding=\"async\" src=\"https:\/\/www.elcarmelo.eus\/wp-content\/uploads\/2020\/06\/musica-1.jpg\" alt=\"m\u00fasica en El Carmelo Ikastetxea\"\/><\/figure>\n<\/div>\n\n\n<div class=\"wp-block-columns estructura1 is-layout-flex wp-container-core-columns-is-layout-9d6595d7 wp-block-columns-is-layout-flex\">\n<div class=\"wp-block-column is-layout-flow wp-block-column-is-layout-flow\">\n<h2 class=\"wp-block-heading\">M\u00fasica<\/h2>\n\n\n\n<p>La m\u00fasica favorece el desarrollo emocional e intelectual del alumnado, y es un instrumento \u00f3ptimo para trabajar la cohesi\u00f3n, la corresponsabilidad y otros valores del trabajo en grupo. El Colegio dispone de diversos coros y estrategias de aprendizaje y formaci\u00f3n en torno a la m\u00fasica.<\/p>\n<\/div>\n<\/div>\n\n\n<div class=\"wp-block-image\">\n<figure class=\"aligncenter\" id=\"diversidad\"><img decoding=\"async\" src=\"https:\/\/www.elcarmelo.eus\/wp-content\/uploads\/2020\/06\/diversidad-inclusividad-1024x576.jpg\" alt=\"\"\/><\/figure>\n<\/div>\n\n\n<div class=\"wp-block-columns estructura1 is-layout-flex wp-container-core-columns-is-layout-9d6595d7 wp-block-columns-is-layout-flex\">\n<div class=\"wp-block-column is-layout-flow wp-block-column-is-layout-flow\">\n<h2 class=\"wp-block-heading\">Diversidad e inclusividad<\/h2>\n\n\n\n<p>Con la colaboraci\u00f3n de todos y todas se trabaja activamente contra cualquier tipo de exclusi\u00f3n, cultivando el respeto, la solidaridad y el compromiso, la creatividad y una identidad euskaldun que mira al mundo.<\/p>\n<\/div>\n<\/div>\n\n\n<div class=\"wp-block-image\">\n<figure class=\"aligncenter\" id=\"pastoral\"><img decoding=\"async\" src=\"https:\/\/www.elcarmelo.eus\/wp-content\/uploads\/2020\/06\/pastoral-elcarmelo-1024x576.jpg\" alt=\"\"\/><\/figure>\n<\/div>\n\n\n<div class=\"wp-block-columns estructura1 is-layout-flex wp-container-core-columns-is-layout-9d6595d7 wp-block-columns-is-layout-flex\">\n<div class=\"wp-block-column is-layout-flow wp-block-column-is-layout-flow\">\n<h2 class=\"wp-block-heading\">Pastoral<\/h2>\n\n\n\n<p>La pastoral busca la felicidad de cada persona, por medio de la experiencia de la fe. Por este motivo, en El Carmelo Ikastetxea buscamos nuevos modos de buscar la felicidad.<\/p>\n\n\n\n<p>Muchas de las actividades que estamos proponiendo est\u00e1n teniendo muy buena aceptaci\u00f3n, es por esto que las vamos a reforzar y, adem\u00e1s, propondremos nuevas del mismo estilo. Entre otras:<\/p>\n\n\n\n<ul class=\"wp-block-list\">\n<li>Lema del curso, \u2018DA LO MEJOR DE TI\u2019 &#8211; \u2018ZURE ONENA EMAN\u2019. Todos los meses trabajaremos el lema, desde distintas perspectivas.<\/li>\n\n\n\n<li>Oraci\u00f3n de la ma\u00f1ana. Utilizaremos un blog con oraciones actualizadas.<br><a href=\"https:\/\/colegiosocdpastoral.wordpress.com\/\">https:\/\/colegiosocdpastoral.wordpress.com\/<\/a><\/li>\n\n\n\n<li>D\u00edas y celebraciones especiales, a lo largo del curso, para reafirmar nuestra identidad cristiana.<\/li>\n\n\n\n<li>Salidas y estancias. Los alumnos valoran mucho las actividades y estancias organizadas desde pastoral, ya que refuerzan sus relaciones y les da opciones de vivir nuevas experiencias cristianas.<br>&#8211; Campamentos de verano en Altzo (Primaria y Secundaria)<br>&#8211; Gorbea, salidas y estancias (Secundaria)<br>&#8211; Camino de Santiago (Secundaria)<br>&#8211; Roma (Bachillerato)<br>&#8211; Larrea (Guarder\u00eda, Infantil y Primaria)<\/li>\n<\/ul>\n\n\n\n<p>Si tuvieras cualquier duda, propuesta, curiosidad o cualquier otra cosa que decirnos, escr\u00edbenos a la direcci\u00f3n: <a href=\"mailto:pastoral@elcarmelo.net\">pastoral@elcarmelo.net<\/a><\/p>\n<\/div>\n<\/div>\n\n\n<div class=\"wp-block-image\">\n<figure class=\"aligncenter\" id=\"agenda21\"><img decoding=\"async\" src=\"https:\/\/www.elcarmelo.eus\/wp-content\/uploads\/2020\/06\/agenda21-1024x576.jpg\" alt=\"agenda21\"\/><\/figure>\n<\/div>\n\n\n<div class=\"wp-block-columns estructura1 is-layout-flex wp-container-core-columns-is-layout-9d6595d7 wp-block-columns-is-layout-flex\">\n<div class=\"wp-block-column is-layout-flow wp-block-column-is-layout-flow\">\n<h2 class=\"wp-block-heading\">Agenda 21<\/h2>\n\n\n\n<p>Nuestro colegio mantiene su compromiso con el proyecto de la AGENDA ESCOLAR 21. Queremos que se consiga el respeto medioambiental con el compromiso de todos los miembros de la comunidad educativa.<\/p>\n\n\n\n<p>Toman parte distintos grupos y organizaciones: todos los miembros de nuestro centro; los otros centros del municipio y el Ayuntamiento de Amorebieta-Etxano; el responsable de Ingurugela para nuestra comarca, el coordinador de nuestro grupo de Agenda 21 y los representantes de otros centros del Duranguesado se re\u00fanen una vez al mes; los departamentos de Medioambiente y Educaci\u00f3n del Gobierno Vasco.<\/p>\n<\/div>\n<\/div>\n","protected":false},"excerpt":{"rendered":"<p class=\"resumen\"><a href=\"https:\/\/elcarmelo.eus\/es\/proyecto-educativo-0-18\/\">Ciclos Haurreskola 0-3 a\u00f1os Educaci\u00f3n infantil 3-6 a\u00f1os Educaci\u00f3n primaria 6-12 a\u00f1os Educ. secundaria 12-16 a\u00f1os Bachiller 16-18 a\u00f1os Pedagog\u00eda  [&hellip;]<\/a><\/p>\n","protected":false},"author":7,"featured_media":0,"parent":0,"menu_order":0,"comment_status":"closed","ping_status":"closed","template":"","meta":{"pgc_sgb_lightbox_settings":"","footnotes":""},"class_list":["post-11095","page","type-page","status-publish","hentry"],"_links":{"self":[{"href":"https:\/\/elcarmelo.eus\/es\/wp-json\/wp\/v2\/pages\/11095","targetHints":{"allow":["GET"]}}],"collection":[{"href":"https:\/\/elcarmelo.eus\/es\/wp-json\/wp\/v2\/pages"}],"about":[{"href":"https:\/\/elcarmelo.eus\/es\/wp-json\/wp\/v2\/types\/page"}],"author":[{"embeddable":true,"href":"https:\/\/elcarmelo.eus\/es\/wp-json\/wp\/v2\/users\/7"}],"replies":[{"embeddable":true,"href":"https:\/\/elcarmelo.eus\/es\/wp-json\/wp\/v2\/comments?post=11095"}],"version-history":[{"count":5,"href":"https:\/\/elcarmelo.eus\/es\/wp-json\/wp\/v2\/pages\/11095\/revisions"}],"predecessor-version":[{"id":44702,"href":"https:\/\/elcarmelo.eus\/es\/wp-json\/wp\/v2\/pages\/11095\/revisions\/44702"}],"wp:attachment":[{"href":"https:\/\/elcarmelo.eus\/es\/wp-json\/wp\/v2\/media?parent=11095"}],"curies":[{"name":"wp","href":"https:\/\/api.w.org\/{rel}","templated":true}]}}