{"id":11097,"date":"2019-12-20T12:52:57","date_gmt":"2019-12-20T11:52:57","guid":{"rendered":"https:\/\/www.elcarmelo.eus\/?page_id=11097"},"modified":"2025-09-23T08:32:11","modified_gmt":"2025-09-23T06:32:11","slug":"colegio","status":"publish","type":"page","link":"https:\/\/elcarmelo.eus\/es\/colegio\/","title":{"rendered":"Colegio"},"content":{"rendered":"<div class=\"wp-block-image\">\n<figure class=\"aligncenter is-resized\" id=\"ideario\"><img decoding=\"async\" src=\"https:\/\/www.elcarmelo.eus\/wp-content\/uploads\/2020\/02\/aprendizajeporservicio.jpg\" alt=\"aprendizaje por servicio\" style=\"width:1024px\"\/><\/figure>\n<\/div>\n\n\n<div class=\"wp-block-columns estructura1 is-layout-flex wp-container-core-columns-is-layout-9d6595d7 wp-block-columns-is-layout-flex\">\n<div class=\"wp-block-column estructura1 is-layout-flow wp-block-column-is-layout-flow\">\n<h2 class=\"wp-block-heading\">Ideario<\/h2>\n\n\n\n<p><strong>Un di\u00e1logo evolucionado entre Fe y Sociedad<\/strong><\/p>\n\n\n\n<p>Valores cristianos como solidaridad, respeto al pr\u00f3jimo, compromiso social e igualdad impregnan el d\u00eda a d\u00eda del Colegio. Educar significa proporcionar herramientas para comprender la realidad y tratar de mejorarla de acuerdo a valores que son nuestros, y que por ser nuestros son tambi\u00e9n inclusivos y abiertos a la evoluci\u00f3n de la sociedad.<\/p>\n\n\n\n<p>El aprendizaje por servicio, la relaci\u00f3n con personas mayores, el papel global del Colegio en su entorno, incluso el compromiso medioambiental, responden a una arraigada vocaci\u00f3n de di\u00e1logo con la sociedad que nace de una visi\u00f3n de la Fe abierta a enriquecerse con la aportaci\u00f3n de todas y todos, en una permanente celebraci\u00f3n de la diversidad como uno de los rasgos que definen la vigencia del mensaje en el que creemos.&nbsp;<\/p>\n<\/div>\n<\/div>\n\n\n<div class=\"wp-block-image is-resized\">\n<figure class=\"aligncenter\" id=\"espacioverde\"><img decoding=\"async\" src=\"https:\/\/www.elcarmelo.eus\/wp-content\/uploads\/2020\/02\/espacio-verde.jpg\" alt=\"espacio-verde\"\/><\/figure>\n<\/div>\n\n\n<div class=\"wp-block-columns estructura1 is-layout-flex wp-container-core-columns-is-layout-9d6595d7 wp-block-columns-is-layout-flex\">\n<div class=\"wp-block-column estructura1 is-layout-flow wp-block-column-is-layout-flow\">\n<h2 class=\"wp-block-heading\">Espacio verde<\/h2>\n\n\n\n<p>El Colegio posee un rico patrimonio arb\u00f3reo, con buenos ejemplares de especies que engalanan los accesos desde hace d\u00e9cadas, y amplias capas de manto vegetal para disfrute de la comunidad escolar. El valor de la naturaleza tambi\u00e9n es protagonista desde las primeras etapas del proyecto educativo.<\/p>\n<\/div>\n<\/div>\n\n\n<div class=\"wp-block-image is-resized\">\n<figure class=\"aligncenter\" id=\"espacioestudio\"><img decoding=\"async\" src=\"https:\/\/www.elcarmelo.eus\/wp-content\/uploads\/2020\/02\/espacios-de-estudio.jpg\" alt=\"espacios-de-estudio\"\/><\/figure>\n<\/div>\n\n\n<div class=\"wp-block-columns estructura1 is-layout-flex wp-container-core-columns-is-layout-9d6595d7 wp-block-columns-is-layout-flex\">\n<div class=\"wp-block-column estructura1 is-layout-flow wp-block-column-is-layout-flow\">\n<h2 class=\"wp-block-heading\">Espacios de estudio<\/h2>\n\n\n\n<p>Espacios amplios, di\u00e1fanos, bien iluminados y completamente preparados para el aprendizaje est\u00e1n a disposici\u00f3n de alumnos y alumnas. La calidad del entorno debe condicionar positivamente el aprendizaje.<\/p>\n<\/div>\n<\/div>\n\n\n<div class=\"wp-block-image is-resized\">\n<figure class=\"aligncenter\" id=\"tecnologia\"><img decoding=\"async\" src=\"https:\/\/www.elcarmelo.eus\/wp-content\/uploads\/2020\/02\/tecnologia.jpg\" alt=\"tecnologia\"\/><\/figure>\n<\/div>\n\n\n<div class=\"wp-block-columns estructura1 is-layout-flex wp-container-core-columns-is-layout-9d6595d7 wp-block-columns-is-layout-flex\">\n<div class=\"wp-block-column estructura1 is-layout-flow wp-block-column-is-layout-flow\">\n<h2 class=\"wp-block-heading\">Tecnolog\u00eda<\/h2>\n\n\n\n<p>El Carmelo Ikastetxea es un centro certificado en el Nivel Avanzado del Modelo de Madurez TIC, que otorga el Gobierno Vasco. Las labores educativas y administrativas se benefician de una visi\u00f3n estrat\u00e9gica de la tecnolog\u00eda que se aplica desde las primeras etapas del proyecto pedag\u00f3gico.<\/p>\n<\/div>\n<\/div>\n\n\n<div class=\"wp-block-image is-resized\">\n<figure class=\"aligncenter\" id=\"aulaporcurso\"><img decoding=\"async\" src=\"https:\/\/www.elcarmelo.eus\/wp-content\/uploads\/2020\/02\/aulaporcurso.jpg\" alt=\"UN AULA POR CURSO\"\/><\/figure>\n<\/div>\n\n\n<div class=\"wp-block-columns estructura1 is-layout-flex wp-container-core-columns-is-layout-9d6595d7 wp-block-columns-is-layout-flex\">\n<div class=\"wp-block-column estructura1 is-layout-flow wp-block-column-is-layout-flow\">\n<h2 class=\"wp-block-heading\">Un aula por curso<\/h2>\n\n\n\n<p><strong>Educamos personas que conocemos y se conocen<\/strong><\/p>\n\n\n\n<p>El Carmelo es un Colegio de una l\u00ednea: alumnos y alumnas evolucionan y crecen en un entorno libre, cohesionado y amable, amparado por un conocimiento estrecho entre el propio alumnado, el alumnado y el profesorado y la comunidad escolar.<\/p>\n\n\n\n<p>El reducido n\u00famero de alumnos y alumnas (un curso, un aula) permite trabajar din\u00e1micas de proximidad en el trato con alumnos y alumnas y familias. Desde la perspectiva acad\u00e9mica, nuestra dimensi\u00f3n favorece una did\u00e1ctica adaptada a la personalidad y capacidad de cada estudiante, una comunicaci\u00f3n fluida y unas labores de tutor\u00eda muy din\u00e1micas e individualizadas.<\/p>\n<\/div>\n<\/div>\n\n\n<div class=\"wp-block-image is-resized\">\n<figure class=\"aligncenter\" id=\"entorno\"><img decoding=\"async\" src=\"https:\/\/www.elcarmelo.eus\/wp-content\/uploads\/2020\/02\/entorno.jpg\" alt=\"\"\/><\/figure>\n<\/div>\n\n\n<div class=\"wp-block-columns estructura1 is-layout-flex wp-container-core-columns-is-layout-9d6595d7 wp-block-columns-is-layout-flex\">\n<div class=\"wp-block-column estructura1 is-layout-flow wp-block-column-is-layout-flow\">\n<h2 class=\"wp-block-heading\">En el entorno<\/h2>\n\n\n\n<p>Nuestra participaci\u00f3n activa en numerosas actividades de nuestro pueblo, la relaci\u00f3n con las personas residenciadas y el conocimiento directo de nuestro entorno natural, social y cultural conducen a los ni\u00f1os y ni\u00f1as hacia una visi\u00f3n formada y solidaria de la realidad que acoge su aprendizaje.<\/p>\n<\/div>\n<\/div>\n\n\n<div class=\"wp-block-image is-resized\">\n<figure class=\"aligncenter\" id=\"extraescolares\"><img decoding=\"async\" src=\"https:\/\/www.elcarmelo.eus\/wp-content\/uploads\/2020\/02\/extraescolares.jpg\" alt=\"extraescolares\"\/><\/figure>\n<\/div>\n\n\n<div class=\"wp-block-columns estructura1 is-layout-flex wp-container-core-columns-is-layout-9d6595d7 wp-block-columns-is-layout-flex\">\n<div class=\"wp-block-column estructura1 is-layout-flow wp-block-column-is-layout-flow\">\n<h2 class=\"wp-block-heading\">Extraescolares<\/h2>\n\n\n\n<p>Trabajamos para ofrecer a alumnos y alumnas un cat\u00e1logo de actividades extraescolares acorde a las posibilidades del Colegio (un curso, un aula) y a la demanda de la comunidad escolar, con \u00e9nfasis en el ingl\u00e9s y la pr\u00e1ctica deportiva.<\/p>\n<\/div>\n<\/div>\n\n\n<div class=\"wp-block-image\">\n<figure class=\"aligncenter\" id=\"accesible\"><img decoding=\"async\" src=\"https:\/\/www.elcarmelo.eus\/wp-content\/uploads\/2020\/06\/plano-el-carmelo-ikastetxea-1-1024x538.jpg\" alt=\"plano-el-carmelo-ikastetxea\"\/><\/figure>\n<\/div>\n\n\n<div class=\"wp-block-columns estructura1 is-layout-flex wp-container-core-columns-is-layout-9d6595d7 wp-block-columns-is-layout-flex\">\n<div class=\"wp-block-column is-layout-flow wp-block-column-is-layout-flow\">\n<h2 class=\"wp-block-heading\">Un colegio accesible<\/h2>\n\n\n\n<p>La ubicaci\u00f3n c\u00e9ntrica del Colegio en Amorebieta y su proximidad a los medios de transporte p\u00fablicos invita a minimizar el empleo de veh\u00edculos particulares. Los accesos al Colegio y sus espacios gozan de plena accesibilidad para personas con discapacidad.<\/p>\n\n\n\n<p><a style=\"color: #e74426;\" rel=\"noopener\" href=\"https:\/\/www.google.com\/maps\/place\/El+Carmelo+Ikastetxea\/@43.221373,-2.73329,17z\/data=!3m1!4b1!4m5!3m4!1s0xd4e368241e3dee7:0xd1f125903d07e6b7!8m2!3d43.221373!4d-2.731096\" target=\"_blank\"> Google Maps &gt;&gt;<\/a><\/p>\n<\/div>\n<\/div>\n\n\n<div class=\"wp-block-image\">\n<figure class=\"aligncenter\" id=\"comedor\"><img decoding=\"async\" src=\"https:\/\/www.elcarmelo.eus\/wp-content\/uploads\/2020\/06\/en-el-comedor-1024x576.jpg\" alt=\"En el comedor de El Carmelo Ikastetxea\"\/><\/figure>\n<\/div>\n\n\n<div class=\"wp-block-columns estructura1 is-layout-flex wp-container-core-columns-is-layout-9d6595d7 wp-block-columns-is-layout-flex\">\n<div class=\"wp-block-column is-layout-flow wp-block-column-is-layout-flow\">\n<h2 class=\"wp-block-heading\">En el comedor<\/h2>\n\n\n\n<p>El comedor es un espacio para comer variado, rico y de forma saludable y para adquirir h\u00e1bitos de comportamiento y socializaci\u00f3n acordes con nuestro proyecto educativo.<\/p>\n<\/div>\n<\/div>\n\n\n<div class=\"wp-block-image\">\n<figure class=\"aligncenter\" id=\"atencionesespeciales\"><img decoding=\"async\" src=\"https:\/\/www.elcarmelo.eus\/wp-content\/uploads\/2020\/06\/atencion-especial-1-1024x576.jpg\" alt=\"\"\/><\/figure>\n<\/div>\n\n\n<div class=\"wp-block-columns estructura1 is-layout-flex wp-container-core-columns-is-layout-9d6595d7 wp-block-columns-is-layout-flex\">\n<div class=\"wp-block-column is-layout-flow wp-block-column-is-layout-flow\">\n<h2 class=\"wp-block-heading\">Atenciones especiales<\/h2>\n\n\n\n<p>El Colegio trabaja para integrar adecuadamente en sus procesos educativos a los alumnos y alumnas que precisan una atenci\u00f3n personalizada en funci\u00f3n de sus caracter\u00edsticas cara al aprendizaje. Apoyamos a quienes lo necesitan y retamos a quienes lo demandan.<\/p>\n<\/div>\n<\/div>\n\n\n<div class=\"wp-block-image\">\n<figure class=\"aligncenter\" id=\"estudiocustodia\"><img decoding=\"async\" src=\"https:\/\/www.elcarmelo.eus\/wp-content\/uploads\/2020\/06\/sala-estudio-custodia.jpg\" alt=\"SALA DE ESTUDIO \/ SERVICIO DE CUSTODIA\" title=\"\"\/><\/figure>\n<\/div>\n\n\n<div class=\"wp-block-columns estructura1 is-layout-flex wp-container-core-columns-is-layout-9d6595d7 wp-block-columns-is-layout-flex\">\n<div class=\"wp-block-column is-layout-flow wp-block-column-is-layout-flow\">\n<h2 class=\"wp-block-heading\">Sala de estudio \/ Servicio de custodia<\/h2>\n\n\n\n<p>El colegio dispone de varias salas de estudio y ofrece un servicio de custodia para la adecuaci\u00f3n al horario laboral de las familias.<\/p>\n\n\n\n<p><u>Sala de estudio al mediod\u00eda<\/u><br>Se pone a disposici\u00f3n del alumnado su Sala de Estudio en el horario de recreo de mediod\u00eda. Este servicio es de libre utilizaci\u00f3n.<\/p>\n\n\n\n<p><u>Servicio de custodia<\/u><br>Para quienes necesiten dejar en el Colegio a sus peque\u00f1os\/as antes del horario de apertura del centro, el Colegio ofrece un servicio de Custodia.<br>Pueden beneficiarse del servicio ni\u00f1os y ni\u00f1as, alumnos del Colegio, que ser\u00e1n atendidos en las instalaciones de la Escuela Infantil hasta el comienzo de sus propias clases.<\/p>\n<\/div>\n<\/div>\n\n\n\n<h2 class=\"wp-block-heading has-text-align-center margen2\" id=\"equipo\">Equipo<\/h2>\n\n\n\n<div class=\"wp-block-aab-group-accordion searchable aagb_accordion_34cf65b7-7500-412a-b766-dbd31ac68afd click estructura3\">\n<style>.aagb__accordion_container.no-pro-plan .aagb__accordion_body { padding:  10px !important; }<\/style><div class=\"wp-block-aab-accordion-item aagb__accordion_container panel\" style=\"border:1px solid #cccccc;margin-top:0px;margin-bottom:15px;border-radius:0px\"><div class=\"aagb__accordion_head aab_right_icon\" data-active=\"false\" style=\"color:#333333;background-color:transparent;padding:10px 15px 10px 15px\"><div class=\"aagb__accordion_heading aab_right_icon aagb_right_link\"><h4 class=\"aagb__accordion_title\" style=\"margin:0;color:#333333\">EQUIPO DIRECTIVO<\/h4><\/div><div class=\"aagb__accordion_icon\" style=\"color:#333333;background-color:transparent\"><div class=\"aagb__icon_dashicons_box\"><span class=\"aagb__icon dashicons dashicons-plus-alt2\"><\/span><\/div><\/div><\/div><div class=\"aagb__accordion_body   \" role=\"region\" style=\"background-color:transparent;border-top:1px solid #cccccc;padding:10px 15px 10px 15px\"><div class=\"aagb__accordion_component \">\n<p class=\"has-text-align-left\"><strong>JON ROJAS<\/strong> \u2013 Director Titular<\/p>\n\n\n\n<p class=\"has-text-align-left\"><strong>ITZIAR MENA <\/strong>\u2013 Coordinadora de Etapa<\/p>\n\n\n\n<p><strong>ARANTZAZU GORDILLO <\/strong>\u2013 Coordinadora de Etapa<\/p>\n\n\n\n<p class=\"has-text-align-left\"><strong>JOSEBA BETZUEN <\/strong>\u2013 Coordinador de Etapa<\/p>\n\n\n\n<p class=\"has-text-align-left\"><strong>XABIER ELORZA<\/strong> \u2013 Secretario<\/p>\n\n\n\n<p class=\"has-text-align-left\"><strong>NELSON LONDO\u00d1O <\/strong>\u2013 Pastoral<\/p>\n<\/div><\/div><\/div><script>\n\t\t\t\t\tjQuery(document).ready(function($) {\n\t\t\t\t\t\tvar text_max = parseInt(\"1\"); \/\/ Parse contentCount as an integer\n\n\t\t\t\t\t\t$(\".expand .aagb__accordion_component p\").hide();\n\t\t\t\t\t\t$(\".expand .aagb__accordion_component p\").slice(0, text_max).show();\n\t\t\t\t\t\t\n\t\t\t\t\t\t$(\".expand .aagb_button_toggle\").click(function(e) {\n\t\t\t\t\t\t\te.preventDefault();\n\t\t\t\t\t\t\t$(\".expand .aagb__accordion_component p:hidden\").slice(0, text_max).fadeIn(\"slow\");\n\t\t\t\t\t\t\tif ($(\".expand .aagb__accordion_component p:hidden\").length === 0) {\n\t\t\t\t\t\t\t\t$(\".aagb_button_toggle\").fadeOut(\"slow\");\n\t\t\t\t\t\t\t\t$(\".aagb_overlay\").fadeOut(\"slow\");\n\t\t\t\t\t\t\t}\n\t\t\t\t\t\t});\t\n\t\t\t\t\t\t\n\t\t\t\t\t});\t\t\t\t\t\t\n\t\t\t\t\t\t\t\t\t\n\t\t\t\t<\/script>\n\n\n\n<style>.aagb__accordion_container.no-pro-plan .aagb__accordion_body { padding:  10px !important; }<\/style><div class=\"wp-block-aab-accordion-item aagb__accordion_container panel\" style=\"border:1px solid #cccccc;margin-top:0px;margin-bottom:15px;border-radius:0px\"><div class=\"aagb__accordion_head aab_right_icon\" data-active=\"false\" style=\"color:#333333;background-color:transparent;padding:10px 15px 10px 15px\"><div class=\"aagb__accordion_heading aab_right_icon aagb_right_link\"><h4 class=\"aagb__accordion_title\" style=\"margin:0;color:#333333\">DIRECCI\u00d3N PEDAG\u00d3GICA<\/h4><\/div><div class=\"aagb__accordion_icon\" style=\"color:#333333;background-color:transparent\"><div class=\"aagb__icon_dashicons_box\"><span class=\"aagb__icon dashicons dashicons-plus-alt2\"><\/span><\/div><\/div><\/div><div class=\"aagb__accordion_body   \" role=\"region\" style=\"background-color:transparent;border-top:1px solid #cccccc;padding:10px 15px 10px 15px\"><div class=\"aagb__accordion_component \">\n<p class=\"has-text-align-left\"><strong>AMELIA GELOZAGA <\/strong>&#8211; Coordinadora de Haurreskola<\/p>\n\n\n\n<p class=\"has-text-align-left\"><strong>JON ROJAS<\/strong> &#8211; Director pedag\u00f3gico Infantil<\/p>\n\n\n\n<p class=\"has-text-align-left\"><strong>JOSEBA BETZUEN<\/strong> &#8211; Director pedag\u00f3gico Primaria<\/p>\n\n\n\n<p><strong>ARANTZAZU GORDILLO<\/strong> &#8211; Directora pedag\u00f3gica DBH<\/p>\n\n\n\n<p class=\"has-text-align-left\"><strong>ITZIAR MENA<\/strong> &#8211; Directora pedag\u00f3gica Bachillerato<\/p>\n<\/div><\/div><\/div><script>\n\t\t\t\t\tjQuery(document).ready(function($) {\n\t\t\t\t\t\tvar text_max = parseInt(\"1\"); \/\/ Parse contentCount as an integer\n\n\t\t\t\t\t\t$(\".expand .aagb__accordion_component p\").hide();\n\t\t\t\t\t\t$(\".expand .aagb__accordion_component p\").slice(0, text_max).show();\n\t\t\t\t\t\t\n\t\t\t\t\t\t$(\".expand .aagb_button_toggle\").click(function(e) {\n\t\t\t\t\t\t\te.preventDefault();\n\t\t\t\t\t\t\t$(\".expand .aagb__accordion_component p:hidden\").slice(0, text_max).fadeIn(\"slow\");\n\t\t\t\t\t\t\tif ($(\".expand .aagb__accordion_component p:hidden\").length === 0) {\n\t\t\t\t\t\t\t\t$(\".aagb_button_toggle\").fadeOut(\"slow\");\n\t\t\t\t\t\t\t\t$(\".aagb_overlay\").fadeOut(\"slow\");\n\t\t\t\t\t\t\t}\n\t\t\t\t\t\t});\t\n\t\t\t\t\t\t\n\t\t\t\t\t});\t\t\t\t\t\t\n\t\t\t\t\t\t\t\t\t\n\t\t\t\t<\/script>\n\n\n\n<style>.aagb__accordion_container.no-pro-plan .aagb__accordion_body { padding:  10px !important; }<\/style><div class=\"wp-block-aab-accordion-item aagb__accordion_container panel\" style=\"border:1px solid #cccccc;margin-top:0px;margin-bottom:15px;border-radius:0px\"><div class=\"aagb__accordion_head aab_right_icon\" data-active=\"false\" style=\"color:#333333;background-color:transparent;padding:10px 15px 10px 15px\"><div class=\"aagb__accordion_heading aab_right_icon aagb_right_link\"><h4 class=\"aagb__accordion_title\" style=\"margin:0;color:#333333\">PROFESORADO<\/h4><\/div><div class=\"aagb__accordion_icon\" style=\"color:#333333;background-color:transparent\"><div class=\"aagb__icon_dashicons_box\"><span class=\"aagb__icon dashicons dashicons-plus-alt2\"><\/span><\/div><\/div><\/div><div class=\"aagb__accordion_body   \" role=\"region\" style=\"background-color:transparent;border-top:1px solid #cccccc;padding:10px 15px 10px 15px\"><div class=\"aagb__accordion_component \">\n<div class=\"wp-block-column is-layout-flow wp-block-column-is-layout-flow\">\n<p class=\"has-text-align-left\">Eva M\u00ednguez<\/p>\n\n\n\n<p class=\"has-text-align-left\">Aintzane Angulo<\/p>\n\n\n\n<p class=\"has-text-align-left\">Amaia Lejarza<\/p>\n\n\n\n<p class=\"has-text-align-left\">Olatz Ugarte<\/p>\n\n\n\n<p class=\"has-text-align-left\">Jon Sagastigordia<\/p>\n\n\n\n<p class=\"has-text-align-left\">Ziortza Urkiza<\/p>\n\n\n\n<p class=\"has-text-align-left\">Leire Cela<\/p>\n\n\n\n<p class=\"has-text-align-left\">Joseba Betzuen<\/p>\n\n\n\n<p class=\"has-text-align-left\">Jon Rojas<\/p>\n\n\n\n<p class=\"has-text-align-left\">Maite Atutxa<\/p>\n\n\n\n<p class=\"has-text-align-left\">Leire Zaldibar<\/p>\n\n\n\n<p class=\"has-text-align-left\">Cristina Teijeiro<\/p>\n\n\n\n<p class=\"has-text-align-left\">Silvia Aldazabal<\/p>\n\n\n\n<p class=\"has-text-align-left\">Jon Rojas<\/p>\n\n\n\n<p class=\"has-text-align-left\">Susana Intxausti<\/p>\n\n\n\n<p class=\"has-text-align-left\">Mar\u00eda Salcedo<\/p>\n\n\n\n<p class=\"has-text-align-left\">Itziar Mena<\/p>\n\n\n\n<p class=\"has-text-align-left\">Lander Gonz\u00e1lez<\/p>\n\n\n\n<p class=\"has-text-align-left\">Garazi Rodriguez<\/p>\n\n\n\n<p class=\"has-text-align-left\">Arantzazu Gordillo<\/p>\n\n\n\n<p class=\"has-text-align-left\">Itziar Gaubeka<\/p>\n\n\n\n<p class=\"has-text-align-left\">Karlos Aretxaga<\/p>\n\n\n\n<p class=\"has-text-align-left\">Unai de Miguel<\/p>\n\n\n\n<p class=\"has-text-align-left\">Raul L\u00f3pez<\/p>\n\n\n\n<p class=\"has-text-align-left\">Juan Jos\u00e9 Ruiz-Oria<\/p>\n\n\n\n<p class=\"has-text-align-left\">Naiara L\u00f3pez<\/p>\n\n\n\n<p class=\"has-text-align-left\">Nerea \u00c1lvarez<\/p>\n\n\n\n<p class=\"has-text-align-left\">Maider Galarza<\/p>\n\n\n\n<p class=\"has-text-align-left\">Marta Garc\u00eda<\/p>\n\n\n\n<p class=\"has-text-align-left\">Andoni Etxaniz<\/p>\n<\/div>\n<\/div><\/div><\/div><script>\n\t\t\t\t\tjQuery(document).ready(function($) {\n\t\t\t\t\t\tvar text_max = parseInt(\"1\"); \/\/ Parse contentCount as an integer\n\n\t\t\t\t\t\t$(\".expand .aagb__accordion_component p\").hide();\n\t\t\t\t\t\t$(\".expand .aagb__accordion_component p\").slice(0, text_max).show();\n\t\t\t\t\t\t\n\t\t\t\t\t\t$(\".expand .aagb_button_toggle\").click(function(e) {\n\t\t\t\t\t\t\te.preventDefault();\n\t\t\t\t\t\t\t$(\".expand .aagb__accordion_component p:hidden\").slice(0, text_max).fadeIn(\"slow\");\n\t\t\t\t\t\t\tif ($(\".expand .aagb__accordion_component p:hidden\").length === 0) {\n\t\t\t\t\t\t\t\t$(\".aagb_button_toggle\").fadeOut(\"slow\");\n\t\t\t\t\t\t\t\t$(\".aagb_overlay\").fadeOut(\"slow\");\n\t\t\t\t\t\t\t}\n\t\t\t\t\t\t});\t\n\t\t\t\t\t\t\n\t\t\t\t\t});\t\t\t\t\t\t\n\t\t\t\t\t\t\t\t\t\n\t\t\t\t<\/script>\n<\/div><div>\n\t\t\t\t<script>\n\t\t\t\tlet aagb_group_accordion_text_max = 100\t\t\t\t\t\n\t\t\t\t <\/script>\n\t\t\t\t<\/div>\n\n\n<p><!-- \/wp:post-content -->\n<\/p>\n<p><!-- \/wp:columns --><\/p>","protected":false},"excerpt":{"rendered":"<p class=\"resumen\"><a href=\"https:\/\/elcarmelo.eus\/es\/colegio\/\">Ideario Un di\u00e1logo evolucionado entre Fe y Sociedad Valores cristianos como solidaridad, respeto al pr\u00f3jimo, compromiso social e igualdad impregnan  [&hellip;]<\/a><\/p>\n","protected":false},"author":7,"featured_media":0,"parent":0,"menu_order":0,"comment_status":"closed","ping_status":"closed","template":"","meta":{"pgc_sgb_lightbox_settings":"","footnotes":""},"class_list":["post-11097","page","type-page","status-publish","hentry"],"_links":{"self":[{"href":"https:\/\/elcarmelo.eus\/es\/wp-json\/wp\/v2\/pages\/11097","targetHints":{"allow":["GET"]}}],"collection":[{"href":"https:\/\/elcarmelo.eus\/es\/wp-json\/wp\/v2\/pages"}],"about":[{"href":"https:\/\/elcarmelo.eus\/es\/wp-json\/wp\/v2\/types\/page"}],"author":[{"embeddable":true,"href":"https:\/\/elcarmelo.eus\/es\/wp-json\/wp\/v2\/users\/7"}],"replies":[{"embeddable":true,"href":"https:\/\/elcarmelo.eus\/es\/wp-json\/wp\/v2\/comments?post=11097"}],"version-history":[{"count":4,"href":"https:\/\/elcarmelo.eus\/es\/wp-json\/wp\/v2\/pages\/11097\/revisions"}],"predecessor-version":[{"id":47441,"href":"https:\/\/elcarmelo.eus\/es\/wp-json\/wp\/v2\/pages\/11097\/revisions\/47441"}],"wp:attachment":[{"href":"https:\/\/elcarmelo.eus\/es\/wp-json\/wp\/v2\/media?parent=11097"}],"curies":[{"name":"wp","href":"https:\/\/api.w.org\/{rel}","templated":true}]}}