{"id":11101,"date":"2019-12-20T12:53:18","date_gmt":"2019-12-20T11:53:18","guid":{"rendered":"https:\/\/www.elcarmelo.eus\/?page_id=11101"},"modified":"2026-01-31T12:18:05","modified_gmt":"2026-01-31T11:18:05","slug":"matriculate","status":"publish","type":"page","link":"https:\/\/elcarmelo.eus\/es\/matriculate\/","title":{"rendered":"Matric\u00falate"},"content":{"rendered":"\n<div class=\"wp-block-columns is-layout-flex wp-container-core-columns-is-layout-9d6595d7 wp-block-columns-is-layout-flex\">\n<div class=\"wp-block-column is-layout-flow wp-block-column-is-layout-flow\">\n<div class=\"wp-block-columns estructura4 is-layout-flex wp-container-core-columns-is-layout-9d6595d7 wp-block-columns-is-layout-flex\">\n<div class=\"wp-block-column is-layout-flow wp-block-column-is-layout-flow\">\n<p><img decoding=\"async\" src=\"https:\/\/elcarmelo.eus\/wp-content\/uploads\/2020\/01\/cr-line-devida.jpg\" alt=\"\" style=\"\" width=\"100%\"><\/p>\n<\/div>\n\n\n\n<div class=\"wp-block-column is-layout-flow wp-block-column-is-layout-flow\">\n<p class=\"grande2\">Un peque\u00f1o colegio, una gran familia.<\/p>\n\n\n\n<p class=\"grande\"><strong>ERDU<\/strong><\/p>\n\n\n\n<p class=\"has-text-align-center\">Un proyecto educativo que os acompa\u00f1ar\u00e1 hasta la Universidad y estudios de ciclo superiores.<\/p>\n<\/div>\n<\/div>\n\n\n\n<div class=\"wp-block-columns is-layout-flex wp-container-core-columns-is-layout-9d6595d7 wp-block-columns-is-layout-flex\">\n<div class=\"wp-block-column is-layout-flow wp-block-column-is-layout-flow\">\n<p><\/p>\n\n\n\n<h2 class=\"wp-block-heading estructura3 margen1\">Proceso y plazos de matriculaci\u00f3n<\/h2>\n<\/div>\n<\/div>\n<\/div>\n<\/div>\n\n\n\n<div class=\"custom-css-block\"><style>.aagb_accordion_c673ffb6-0d23-4b93-8580-47be7df87fc4 {   }<\/style><\/div><style>\n        .aagb_accordion_c673ffb6-0d23-4b93-8580-47be7df87fc4 .aagb__accordion_active .aagb__accordion_body {\n            border-top: 1px solid #ebebeb;\n        }\n        .aagb_accordion_c673ffb6-0d23-4b93-8580-47be7df87fc4 .aagb__accordion_container.wp-block-aab-accordion-item .aagb__accordion_head {\n          \n          \n          border-top: none; border-right: none; border-bottom: none; border-left: none;\n          \n        }\n        .aagb_accordion_c673ffb6-0d23-4b93-8580-47be7df87fc4 .aagb__accordion_container.wp-block-aab-accordion-item .aagb__accordion_body {\n          \n          \n          \n          border-top: none; border-right: none; border-bottom: none; border-left: none;\n          \n        }\n        \n        .aagb_accordion_c673ffb6-0d23-4b93-8580-47be7df87fc4 .wp-block-aab-accordion-item .aagb__accordion_subheading {\n          margin: 5px 0 0 0;\n          \n        }\n        .aagb_accordion_c673ffb6-0d23-4b93-8580-47be7df87fc4 .wp-block-aab-accordion-item .aagb__accordion_icon {\n          \n          \n        }\n        .aagb_accordion_c673ffb6-0d23-4b93-8580-47be7df87fc4 .wp-block-aab-accordion-item .aagb__icon {\n          \n        }\n        .aagb_accordion_c673ffb6-0d23-4b93-8580-47be7df87fc4 .aagb__accordion_title {\n          margin: 0;\n          \n        }\n        .aagb_accordion_c673ffb6-0d23-4b93-8580-47be7df87fc4 .aagb__accordion_container {\n          border-top: none; border-right: none; border-bottom: none; border-left: none;\n          \n          \n          \n        }\n          .aagb_accordion_c673ffb6-0d23-4b93-8580-47be7df87fc4 .aagb__accordion_number{\n            \n        }\n        .aagb_accordion_c673ffb6-0d23-4b93-8580-47be7df87fc4 .wp-block-aab-accordion-item .aagb__accordion_subheading{\n           false\n        }\n\n        .aagb_accordion_c673ffb6-0d23-4b93-8580-47be7df87fc4 .aab-step-progress{\n          background-color: #dfd2d2;\n        }\n            \n        .aagb_accordion_c673ffb6-0d23-4b93-8580-47be7df87fc4 .aab-step-progress-bar {\n          background-color: #1570ec;\n        }\n\n        .aagb_accordion_c673ffb6-0d23-4b93-8580-47be7df87fc4 .aagb__accordion_number{\n          \n        }\n        .aagb_accordion_c673ffb6-0d23-4b93-8580-47be7df87fc4 .aab-progress-bar-container{\n          background-color: #f0f0f0;\n        }\n        .aagb_accordion_c673ffb6-0d23-4b93-8580-47be7df87fc4 .aab-progress-bar {\n            background-color: #0866ff;\n        }\n        \n       .aagb__group_accordion_container.has_img {\n            \n            flex-direction: row;\n        }\n         .aagb_accordion_c673ffb6-0d23-4b93-8580-47be7df87fc4.wp-block-aab-group-accordion.aab-next-previous-enabled{\n          padding-left: 50px !important;\n            \n            \n            \n        }\n        .aagb_accordion_c673ffb6-0d23-4b93-8580-47be7df87fc4 .aagb-accordion-next-previous{\n          left: 0; top: 50%; transform: translateY(-50%); position: absolute;\n            \n            \n            \n        }\n        .aagb_accordion_c673ffb6-0d23-4b93-8580-47be7df87fc4 .aagb-accordion-previous-icon,.aagb_accordion_c673ffb6-0d23-4b93-8580-47be7df87fc4 .aagb-accordion-next-icon {\n          background-color: #010101;\n          svg{\n            fill: #ffffff;\n          }\n        }\n         \n          .aagb__group_accordion_container.has_img{\n          \n          \n          \n          .aab-next-previous-enabled{\n            \n            \n          }\n\n        }\n      \n          .aagb_accordion_c673ffb6-0d23-4b93-8580-47be7df87fc4 .aagb__accordion_container {\n            transition-duration: 0ms !important;\n            outline: 2px solid #00000000;\n          }\n          .aagb_accordion_c673ffb6-0d23-4b93-8580-47be7df87fc4 .aagb__accordion_container:focus-visible {\n            outline: 2px solid #C2DBFE;\n          }\n        <\/style><div class=\"wp-block-aab-group-accordion searchable aagb_accordion_c673ffb6-0d23-4b93-8580-47be7df87fc4 click false estructura3\" id=\"group-accordion-c673ffb6-0d23-4b93-8580-47be7df87fc4\">\n<div class=\"wp-block-aab-accordion-item aagb__accordion_container panel\" data-autoplay=\"false\" data-duration=\"3000\" data-progress-bar-direction=\"horizontal\" data-feature-image-url=\"\" data-auto-numbering=\"false\" data-progress-bar-on=\"false\" tabindex=\"0\"><div class=\"aagb__accordion_head aab_right_icon  \" data-active=\"false\"><div class=\"aagb__accordion_heading aab_right_icon aagb_right_link\"><div class=\"head_content_wrapper\"><div class=\"title_wrapper\"><p class=\"aagb__accordion_title\"><a><strong><a>Haurreskola<\/a><\/strong><\/a><\/p><\/div><\/div><\/div><div class=\"aagb__accordion_icon\"><div class=\"aagb__icon_dashicons_box\"><span class=\"aagb__icon dashicons dashicons-plus-alt2\"><\/span><\/div><\/div><\/div><div class=\"aagb__accordion_body   \" role=\"region\"><div class=\"aagb__accordion_component \">\n<p><strong>Cursos:<\/strong>&nbsp;Educaci\u00f3n Infantil 0 a\u00f1os, 1 a\u00f1o y 2 a\u00f1os<\/p>\n\n\n\n<p><strong>Puertas abiertas: <\/strong> Llama o escr\u00edbenos, y estaremos juntos.<\/p>\n\n\n\n<p><strong>Plazo oficial de matriculaci\u00f3n:<\/strong><\/p>\n\n\n\n<ul class=\"wp-block-list\">\n<li>02\/02\/2026 \u2013 13\/02\/2026 para alumnado de 2 a\u00f1os<\/li>\n\n\n\n<li>Para el resto de grupos pueden hacerlo en cualquier momento.<\/li>\n<\/ul>\n\n\n\n<p><strong>Normativa en vigor:<\/strong> <a href=\"https:\/\/www.euskadi.eus\/admision-educacion-infantil-primaria-y-secundaria-obligatoria\/web01-a2hikast\/es\/\">https:\/\/www.euskadi.eus\/admision-educacion-infantil-primaria-y-secundaria-obligatoria\/web01-a2hikast\/es\/<\/a><\/p>\n\n\n\n<p><strong>Horario de secretar\u00eda:<\/strong>&nbsp;De 9:00 a&nbsp; 17:30 h<\/p>\n\n\n\n<p>TEL.: 94 673 09 02<\/p>\n\n\n\n<p><a href=\"mailto:colegio@elcarmelo.eus\"><\/a><a href=\"mailto:ikastetxea@elcarmelo.eus\">ikastetxea@elcarmelo.eus<\/a><\/p>\n\n\n\n<p><strong>Documentaci\u00f3n a presentar para la matriculaci\u00f3n:<\/strong><\/p>\n\n\n\n<p>\u2013 Fotocopia de las hojas del libro de familia correspondientes al alumno-a y a sus padres.<\/p>\n\n\n\n<p>\u2013 Fotocopia del libro de familia correspondiente a la persona que cursa la solicitud: padre, madre; o documento acreditativo de que dicha persona es tutor-a legal del alumno-a.<\/p>\n\n\n\n<p>\u2013 Fotocopia del DNI o TIE del padre, madre o persona tutora que realiza la solicitud.<\/p>\n\n\n\n<p>\u2013 Certificaci\u00f3n del domicilio familiar (del alumno o alumna, del padre, la madre o la persona tutora), expedido con una antig\u00fcedad m\u00e1xima de tres meses.<\/p>\n\n\n\n<p>\u2013 Se podr\u00e1n aportar los documentos acreditativos del cumplimiento de requisitos para la obtenci\u00f3n de puntuaci\u00f3n para la baremaci\u00f3n, especialmente para el alumnado de 2 a\u00f1os.<\/p>\n<\/div><\/div><\/div>\n<\/div>\n\n\n\n<div class=\"wp-block-columns estructura4 is-layout-flex wp-container-core-columns-is-layout-9d6595d7 wp-block-columns-is-layout-flex\">\n<div class=\"wp-block-column is-layout-flow wp-block-column-is-layout-flow\">\n<div class=\"custom-css-block\"><style>.aagb_accordion_0d643002-3d9b-454c-8373-98a1e688667b {   }<\/style><\/div><style>\n        .aagb_accordion_0d643002-3d9b-454c-8373-98a1e688667b .aagb__accordion_active .aagb__accordion_body {\n            border-top: 1px solid #ebebeb;\n        }\n        .aagb_accordion_0d643002-3d9b-454c-8373-98a1e688667b .aagb__accordion_container.wp-block-aab-accordion-item .aagb__accordion_head {\n          \n          \n          border-top: none; border-right: none; border-bottom: none; border-left: none;\n          \n        }\n        .aagb_accordion_0d643002-3d9b-454c-8373-98a1e688667b .aagb__accordion_container.wp-block-aab-accordion-item .aagb__accordion_body {\n          \n          \n          \n          border-top: none; border-right: none; border-bottom: none; border-left: none;\n          \n        }\n        \n        .aagb_accordion_0d643002-3d9b-454c-8373-98a1e688667b .wp-block-aab-accordion-item .aagb__accordion_subheading {\n          margin: 5px 0 0 0;\n          \n        }\n        .aagb_accordion_0d643002-3d9b-454c-8373-98a1e688667b .wp-block-aab-accordion-item .aagb__accordion_icon {\n          \n          \n        }\n        .aagb_accordion_0d643002-3d9b-454c-8373-98a1e688667b .wp-block-aab-accordion-item .aagb__icon {\n          \n        }\n        .aagb_accordion_0d643002-3d9b-454c-8373-98a1e688667b .aagb__accordion_title {\n          margin: 0;\n          \n        }\n        .aagb_accordion_0d643002-3d9b-454c-8373-98a1e688667b .aagb__accordion_container {\n          border-top: none; border-right: none; border-bottom: none; border-left: none;\n          \n          \n          \n        }\n          .aagb_accordion_0d643002-3d9b-454c-8373-98a1e688667b .aagb__accordion_number{\n            \n        }\n        .aagb_accordion_0d643002-3d9b-454c-8373-98a1e688667b .wp-block-aab-accordion-item .aagb__accordion_subheading{\n           false\n        }\n\n        .aagb_accordion_0d643002-3d9b-454c-8373-98a1e688667b .aab-step-progress{\n          background-color: #dfd2d2;\n        }\n            \n        .aagb_accordion_0d643002-3d9b-454c-8373-98a1e688667b .aab-step-progress-bar {\n          background-color: #1570ec;\n        }\n\n        .aagb_accordion_0d643002-3d9b-454c-8373-98a1e688667b .aagb__accordion_number{\n          \n        }\n        .aagb_accordion_0d643002-3d9b-454c-8373-98a1e688667b .aab-progress-bar-container{\n          background-color: #f0f0f0;\n        }\n        .aagb_accordion_0d643002-3d9b-454c-8373-98a1e688667b .aab-progress-bar {\n            background-color: #0866ff;\n        }\n        \n       .aagb__group_accordion_container.has_img {\n            \n            flex-direction: row;\n        }\n         .aagb_accordion_0d643002-3d9b-454c-8373-98a1e688667b.wp-block-aab-group-accordion.aab-next-previous-enabled{\n          padding-left: 50px !important;\n            \n            \n            \n        }\n        .aagb_accordion_0d643002-3d9b-454c-8373-98a1e688667b .aagb-accordion-next-previous{\n          left: 0; top: 50%; transform: translateY(-50%); position: absolute;\n            \n            \n            \n        }\n        .aagb_accordion_0d643002-3d9b-454c-8373-98a1e688667b .aagb-accordion-previous-icon,.aagb_accordion_0d643002-3d9b-454c-8373-98a1e688667b .aagb-accordion-next-icon {\n          background-color: #010101;\n          svg{\n            fill: #ffffff;\n          }\n        }\n         \n          .aagb__group_accordion_container.has_img{\n          \n          \n          \n          .aab-next-previous-enabled{\n            \n            \n          }\n\n        }\n      \n          .aagb_accordion_0d643002-3d9b-454c-8373-98a1e688667b .aagb__accordion_container {\n            transition-duration: 0ms !important;\n            outline: 2px solid #00000000;\n          }\n          .aagb_accordion_0d643002-3d9b-454c-8373-98a1e688667b .aagb__accordion_container:focus-visible {\n            outline: 2px solid #C2DBFE;\n          }\n        <\/style><div class=\"wp-block-aab-group-accordion searchable aagb_accordion_0d643002-3d9b-454c-8373-98a1e688667b click false\" id=\"group-accordion-0d643002-3d9b-454c-8373-98a1e688667b\">\n<div class=\"wp-block-aab-accordion-item aagb__accordion_container panel\" data-autoplay=\"false\" data-duration=\"3000\" data-progress-bar-direction=\"horizontal\" data-feature-image-url=\"\" data-auto-numbering=\"false\" data-progress-bar-on=\"false\" tabindex=\"0\"><div class=\"aagb__accordion_head aab_right_icon  \" data-active=\"false\"><div class=\"aagb__accordion_heading aab_right_icon aagb_right_link\"><div class=\"head_content_wrapper\"><div class=\"title_wrapper\"><p class=\"aagb__accordion_title\"><a><strong><a>Educaci\u00f3n Infantil, Primaria y ESO<\/a><\/strong><\/a><\/p><\/div><\/div><\/div><div class=\"aagb__accordion_icon\"><div class=\"aagb__icon_dashicons_box\"><span class=\"aagb__icon dashicons dashicons-plus-alt2\"><\/span><\/div><\/div><\/div><div class=\"aagb__accordion_body   \" role=\"region\"><div class=\"aagb__accordion_component \">\n<p><strong>Cursos:<\/strong> Desde Educaci\u00f3n Infantil (2 a\u00f1os) hasta ESO (16 a\u00f1os)<\/p>\n\n\n\n<p><strong style=\"background-color: #ffffff;\">Puertas abiertas:<\/strong> Llama o escr\u00edbenos, y estaremos juntos.<\/p>\n\n\n\n<p><strong>Plazo oficial de matriculaci\u00f3n:<\/strong> 02\/02\/2026 \u2013 13\/02\/2026<\/p>\n\n\n\n<p><strong>Normativa en vigor:<\/strong> <a href=\"https:\/\/www.euskadi.eus\/admision-educacion-infantil-primaria-y-secundaria-obligatoria\/web01-a2hikast\/es\/\">https:\/\/www.euskadi.eus\/admision-educacion-infantil-primaria-y-secundaria-obligatoria\/web01-a2hikast\/es\/<\/a><\/p>\n\n\n\n<p><strong>Horario de secretar\u00eda:<\/strong> De 9:00 a&nbsp; 17:30 h<\/p>\n\n\n\n<p>TEL.: 94 673 09 02<\/p>\n\n\n\n<p><a href=\"mailto:colegio@elcarmelo.eus\"><\/a><a href=\"mailto:colegio@elcarmelo.eus\"><\/a><a href=\"mailto:ikastetxea@elcarmelo.eus\">ikastetxea@elcarmelo.eus<\/a><\/p>\n\n\n\n<p><strong>Documentaci\u00f3n a presentar para la matriculaci\u00f3n:<\/strong><\/p>\n\n\n\n<p>\u2013 Fotocopia de las hojas del libro de familia correspondientes al alumno-a y a sus padres.<\/p>\n\n\n\n<p>\u2013 Fotocopia del libro de familia correspondiente a la persona que cursa la solicitud: padre, madre; o documento acreditativo de que dicha persona es tutor-a legal del alumno-a.<\/p>\n\n\n\n<p>\u2013 Fotocopia del DNI o TIE del padre, madre o persona tutora que realiza la solicitud.<\/p>\n\n\n\n<p>\u2013 Certificaci\u00f3n del domicilio familiar (del alumno o alumna, del padre, la madre o la persona tutora), expedido con una antig\u00fcedad m\u00e1xima de tres meses.<\/p>\n\n\n\n<p>\u2013 En el caso de alumnado escolarizado fuera de la CAPV, certificado de los estudios realizados detallando claramente el nivel cursado en la actualidad.<\/p>\n\n\n\n<p>\u2013&nbsp;Asimismo, se podr\u00e1n aportar los documentos acreditativos del cumplimiento de requisitos para la obtenci\u00f3n de puntuaci\u00f3n para la baremaci\u00f3n.<\/p>\n<\/div><\/div><\/div>\n<\/div>\n\n\n\n<div class=\"custom-css-block\"><style>.aagb_accordion_26f33b93-dbd1-4f81-b7c2-47898d370c45 {   }<\/style><\/div><style>\n        .aagb_accordion_26f33b93-dbd1-4f81-b7c2-47898d370c45 .aagb__accordion_active .aagb__accordion_body {\n            border-top: 1px solid #ebebeb;\n        }\n        .aagb_accordion_26f33b93-dbd1-4f81-b7c2-47898d370c45 .aagb__accordion_container.wp-block-aab-accordion-item .aagb__accordion_head {\n          \n          \n          border-top: none; border-right: none; border-bottom: none; border-left: none;\n          \n        }\n        .aagb_accordion_26f33b93-dbd1-4f81-b7c2-47898d370c45 .aagb__accordion_container.wp-block-aab-accordion-item .aagb__accordion_body {\n          \n          \n          \n          border-top: none; border-right: none; border-bottom: none; border-left: none;\n          \n        }\n        \n        .aagb_accordion_26f33b93-dbd1-4f81-b7c2-47898d370c45 .wp-block-aab-accordion-item .aagb__accordion_subheading {\n          margin: 5px 0 0 0;\n          \n        }\n        .aagb_accordion_26f33b93-dbd1-4f81-b7c2-47898d370c45 .wp-block-aab-accordion-item .aagb__accordion_icon {\n          \n          \n        }\n        .aagb_accordion_26f33b93-dbd1-4f81-b7c2-47898d370c45 .wp-block-aab-accordion-item .aagb__icon {\n          \n        }\n        .aagb_accordion_26f33b93-dbd1-4f81-b7c2-47898d370c45 .aagb__accordion_title {\n          margin: 0;\n          \n        }\n        .aagb_accordion_26f33b93-dbd1-4f81-b7c2-47898d370c45 .aagb__accordion_container {\n          border-top: none; border-right: none; border-bottom: none; border-left: none;\n          \n          \n          \n        }\n          .aagb_accordion_26f33b93-dbd1-4f81-b7c2-47898d370c45 .aagb__accordion_number{\n            \n        }\n        .aagb_accordion_26f33b93-dbd1-4f81-b7c2-47898d370c45 .wp-block-aab-accordion-item .aagb__accordion_subheading{\n           false\n        }\n\n        .aagb_accordion_26f33b93-dbd1-4f81-b7c2-47898d370c45 .aab-step-progress{\n          background-color: #dfd2d2;\n        }\n            \n        .aagb_accordion_26f33b93-dbd1-4f81-b7c2-47898d370c45 .aab-step-progress-bar {\n          background-color: #1570ec;\n        }\n\n        .aagb_accordion_26f33b93-dbd1-4f81-b7c2-47898d370c45 .aagb__accordion_number{\n          \n        }\n        .aagb_accordion_26f33b93-dbd1-4f81-b7c2-47898d370c45 .aab-progress-bar-container{\n          background-color: #f0f0f0;\n        }\n        .aagb_accordion_26f33b93-dbd1-4f81-b7c2-47898d370c45 .aab-progress-bar {\n            background-color: #0866ff;\n        }\n        \n       .aagb__group_accordion_container.has_img {\n            \n            flex-direction: row;\n        }\n         .aagb_accordion_26f33b93-dbd1-4f81-b7c2-47898d370c45.wp-block-aab-group-accordion.aab-next-previous-enabled{\n          padding-left: 50px !important;\n            \n            \n            \n        }\n        .aagb_accordion_26f33b93-dbd1-4f81-b7c2-47898d370c45 .aagb-accordion-next-previous{\n          left: 0; top: 50%; transform: translateY(-50%); position: absolute;\n            \n            \n            \n        }\n        .aagb_accordion_26f33b93-dbd1-4f81-b7c2-47898d370c45 .aagb-accordion-previous-icon,.aagb_accordion_26f33b93-dbd1-4f81-b7c2-47898d370c45 .aagb-accordion-next-icon {\n          background-color: #010101;\n          svg{\n            fill: #ffffff;\n          }\n        }\n         \n          .aagb__group_accordion_container.has_img{\n          \n          \n          \n          .aab-next-previous-enabled{\n            \n            \n          }\n\n        }\n      \n          .aagb_accordion_26f33b93-dbd1-4f81-b7c2-47898d370c45 .aagb__accordion_container {\n            transition-duration: 0ms !important;\n            outline: 2px solid #00000000;\n          }\n          .aagb_accordion_26f33b93-dbd1-4f81-b7c2-47898d370c45 .aagb__accordion_container:focus-visible {\n            outline: 2px solid #C2DBFE;\n          }\n        <\/style><div class=\"wp-block-aab-group-accordion searchable aagb_accordion_26f33b93-dbd1-4f81-b7c2-47898d370c45 click false\" id=\"group-accordion-26f33b93-dbd1-4f81-b7c2-47898d370c45\">\n<div class=\"wp-block-aab-accordion-item aagb__accordion_container panel\" data-autoplay=\"false\" data-duration=\"3000\" data-progress-bar-direction=\"horizontal\" data-feature-image-url=\"\" data-auto-numbering=\"false\" data-progress-bar-on=\"false\" tabindex=\"0\"><div class=\"aagb__accordion_head aab_right_icon  \" data-active=\"false\"><div class=\"aagb__accordion_heading aab_right_icon aagb_right_link\"><div class=\"head_content_wrapper\"><div class=\"title_wrapper\"><p class=\"aagb__accordion_title\"><a><strong>Bachiller<\/strong><\/a><\/p><\/div><\/div><\/div><div class=\"aagb__accordion_icon\"><div class=\"aagb__icon_dashicons_box\"><span class=\"aagb__icon dashicons dashicons-plus-alt2\"><\/span><\/div><\/div><\/div><div class=\"aagb__accordion_body   \" role=\"region\"><div class=\"aagb__accordion_component \">\n<p>El bachillerato es una etapa importante en el desarrollo de las personas. Con el nombre EREITEN queremos expresar nuestra visi\u00f3n de esa etapa como una experiencia global de aprendizaje, en la que el alumnado evolucionar\u00e1 entre la infancia y la madurez, el individuo y la sociedad, el colegio y la universidad.<br>Acompa\u00f1amos y favorecemos ese triple tr\u00e1nsito con una oferta de calidad contrastada desde hace 50 a\u00f1os. <a style=\"color: #e74426;\" rel=\"noopener\" href=\"https:\/\/www.elcarmelo.eus\/wp-content\/uploads\/2020\/01\/elcarmelo_bachiller_ereiten.pdf\" target=\"_blank\">+ Info<\/a><\/p>\n\n\n\n<p><strong>Cursos:<\/strong> 1\u00ba y 2\u00ba de Bachillerato<\/p>\n\n\n\n<p><strong>Puertas abiertas:  <\/strong>Llama o escr\u00edbenos, y estaremos juntos.<\/p>\n\n\n\n<p><strong>Plazo oficial de matriculaci\u00f3n:<\/strong> 23\/03\/2026 &#8211; 30\/04\/2026 (fechas todav\u00eda no oficiales)<\/p>\n\n\n\n<p><\/p>\n\n\n\n<p><strong>Normativa en vigor:<\/strong><\/p>\n\n\n\n<p><a href=\"https:\/\/www.euskadi.eus\/admision-y-matriculacion-bachillerato\/web01-a2hikast\/es\/\">https:\/\/www.euskadi.eus\/admision-y-matriculacion-bachillerato\/web01-a2hikast\/es\/<\/a><\/p>\n\n\n\n<p><strong>Horario de secretar\u00eda:&nbsp;<\/strong>De 9:00 a 17:30<\/p>\n\n\n\n<p>TEL.: 94 673 09 02<\/p>\n\n\n\n<p><a href=\"mailto:colegio@elcarmelo.eus\"><\/a><a href=\"mailto:ikastetxea@elcarmelo.eus\">ikastetxea@elcarmelo.eus<\/a><\/p>\n<\/div><\/div><\/div>\n<\/div>\n<\/div>\n<\/div>\n","protected":false},"excerpt":{"rendered":"<p class=\"resumen\"><a href=\"https:\/\/elcarmelo.eus\/es\/matriculate\/\">Un peque\u00f1o colegio, una gran familia. ERDU Un proyecto educativo que os acompa\u00f1ar\u00e1 hasta la Universidad y estudios de ciclo  [&hellip;]<\/a><\/p>\n","protected":false},"author":7,"featured_media":0,"parent":0,"menu_order":0,"comment_status":"closed","ping_status":"closed","template":"","meta":{"pgc_sgb_lightbox_settings":"","footnotes":""},"class_list":["post-11101","page","type-page","status-publish","hentry"],"_links":{"self":[{"href":"https:\/\/elcarmelo.eus\/es\/wp-json\/wp\/v2\/pages\/11101","targetHints":{"allow":["GET"]}}],"collection":[{"href":"https:\/\/elcarmelo.eus\/es\/wp-json\/wp\/v2\/pages"}],"about":[{"href":"https:\/\/elcarmelo.eus\/es\/wp-json\/wp\/v2\/types\/page"}],"author":[{"embeddable":true,"href":"https:\/\/elcarmelo.eus\/es\/wp-json\/wp\/v2\/users\/7"}],"replies":[{"embeddable":true,"href":"https:\/\/elcarmelo.eus\/es\/wp-json\/wp\/v2\/comments?post=11101"}],"version-history":[{"count":5,"href":"https:\/\/elcarmelo.eus\/es\/wp-json\/wp\/v2\/pages\/11101\/revisions"}],"predecessor-version":[{"id":49377,"href":"https:\/\/elcarmelo.eus\/es\/wp-json\/wp\/v2\/pages\/11101\/revisions\/49377"}],"wp:attachment":[{"href":"https:\/\/elcarmelo.eus\/es\/wp-json\/wp\/v2\/media?parent=11101"}],"curies":[{"name":"wp","href":"https:\/\/api.w.org\/{rel}","templated":true}]}}