{"id":11845,"date":"2020-01-16T11:30:04","date_gmt":"2020-01-16T10:30:04","guid":{"rendered":"https:\/\/www.elcarmelo.eus\/?page_id=11845"},"modified":"2023-02-23T14:17:10","modified_gmt":"2023-02-23T13:17:10","slug":"educacion-infantil-3-6","status":"publish","type":"page","link":"https:\/\/elcarmelo.eus\/es\/proyecto-educativo-0-18\/educacion-infantil-3-6\/","title":{"rendered":"Educaci\u00f3n Infantil: 3-6 a\u00f1os"},"content":{"rendered":"\n<div class=\"wp-block-columns is-layout-flex wp-container-core-columns-is-layout-9d6595d7 wp-block-columns-is-layout-flex\">\n<div class=\"wp-block-column is-layout-flow wp-block-column-is-layout-flow\">\n<div class=\"wp-block-columns estructura3 margen-b-1 is-layout-flex wp-container-core-columns-is-layout-9d6595d7 wp-block-columns-is-layout-flex\">\n<div class=\"wp-block-column is-layout-flow wp-block-column-is-layout-flow\">\n<a href=\"https:\/\/elcarmelo.eus\/es\/hezkuntza-proiektua-0-18\/haurreskola-0-3-urte\/\" class=\"boton3\">HAURRESKOLA<\/a>\n<\/div>\n\n\n\n<div class=\"wp-block-column is-layout-flow wp-block-column-is-layout-flow\">\n<a href=\"https:\/\/elcarmelo.eus\/es\/hezkuntza-proiektua-0-18\/haur-hezkuntza-3-6-urte\/\" class=\"boton3\">EDUCACI\u00d3N INFANTIL<\/a>\r\n<\/div>\n\n\n\n<div class=\"wp-block-column is-layout-flow wp-block-column-is-layout-flow\">\n<a href=\"https:\/\/elcarmelo.eus\/es\/hezkuntza-proiektua-0-18\/lehen-hezkuntza-6-12-urte\/\" class=\"boton3\">EDUCACI\u00d3N PRIMARIA<\/a>\r\n<\/div>\n\n\n\n<div class=\"wp-block-column is-layout-flow wp-block-column-is-layout-flow\">\n<a href=\"https:\/\/elcarmelo.eus\/es\/hezkuntza-proiektua-0-18\/derrigorrezko-bigarren-hezkuntza-12-16-urte\/\" class=\"boton3\">EDUC.  SECUNDARIA<\/a>\r\n<\/div>\n\n\n\n<div class=\"wp-block-column is-layout-flow wp-block-column-is-layout-flow\">\n<a href=\"https:\/\/elcarmelo.eus\/es\/hezkuntza-proiektua-0-18\/batxilergoa-16-18-urte\/\" class=\"boton3\">BACHILLER<\/a>\r\n<\/div>\n<\/div>\n<\/div>\n<\/div>\n\n\n\n<div class=\"wp-block-columns estructura3 is-layout-flex wp-container-core-columns-is-layout-9d6595d7 wp-block-columns-is-layout-flex\">\n<div class=\"wp-block-column is-layout-flow wp-block-column-is-layout-flow\">\n<div class=\"wp-block-columns is-layout-flex wp-container-core-columns-is-layout-9d6595d7 wp-block-columns-is-layout-flex\">\n<div class=\"wp-block-column is-layout-flow wp-block-column-is-layout-flow\">\n<figure class=\"wp-block-image size-large grande\"><img loading=\"lazy\" decoding=\"async\" width=\"1200\" height=\"900\" src=\"https:\/\/elcarmelo.eus\/wp-content\/uploads\/2023\/02\/image-1200x900.png\" alt=\"\" class=\"wp-image-41418\" srcset=\"https:\/\/elcarmelo.eus\/wp-content\/uploads\/2023\/02\/image-1200x900.png 1200w, https:\/\/elcarmelo.eus\/wp-content\/uploads\/2023\/02\/image-768x576.png 768w, https:\/\/elcarmelo.eus\/wp-content\/uploads\/2023\/02\/image-1536x1152.png 1536w, https:\/\/elcarmelo.eus\/wp-content\/uploads\/2023\/02\/image-2048x1536.png 2048w, https:\/\/elcarmelo.eus\/wp-content\/uploads\/2023\/02\/image-840x630.png 840w\" sizes=\"auto, (max-width: 1200px) 100vw, 1200px\" \/><\/figure>\n<\/div>\n\n\n\n<div class=\"wp-block-column is-vertically-aligned-center is-layout-flow wp-block-column-is-layout-flow\">\n<p class=\"grande\">En esta etapa nuestra relaci\u00f3n con las familias es muy estrecha.<\/p>\n\n\n\n<p class=\"grande\">Trabajamos inteligencias m\u00faltiples por proyectos, porque cada ni\u00f1o\/a tiene una forma diferente de pensar y de ver el mundo y, por tanto, una forma personal y diferente de aprender. A trav\u00e9s de las inteligencias m\u00faltiples tenemos la oportunidad de ofrecer a cada ni\u00f1o\/a herramientas y experiencias diferentes, para as\u00ed fortalecer el desarrollo \u00edntegro de sus capacidades.&nbsp;<\/p>\n<\/div>\n<\/div>\n<\/div>\n<\/div>\n\n\n\n<div class=\"wp-block-columns estructura3 is-layout-flex wp-container-core-columns-is-layout-9d6595d7 wp-block-columns-is-layout-flex\">\n<div class=\"wp-block-column estructura3 is-layout-flow wp-block-column-is-layout-flow\">\n<h2 class=\"has-text-align-left wp-block-heading\">Idiomas<\/h2>\n\n\n\n<p>Es muy importante que, en los primeros a\u00f1os de su vida, los ni\u00f1os y ni\u00f1as escuchen muchos cuentos acompa\u00f1ados con movimientos, canciones, rimas&#8230; Utilizamos la metodolog\u00eda <em>Letrak dantzan<\/em> para lograr que los ni\u00f1os y ni\u00f1as se acerquen dulcemente a la lectura y a la escritura a trav\u00e9s de las palabras y las canciones.<\/p>\n\n\n\n<h2 class=\"has-text-align-left margen1 wp-block-heading\">Proyectos<\/h2>\n\n\n\n<p>En la metodolog\u00eda de aprendizaje por proyectos, los alumnos\/as son protagonistas para elegir qu\u00e9 quieren aprender y qu\u00e9 actividades desean realizar. El profesorado ejerce siempre de gu\u00eda y ayuda a pensar e investigar. Para ello se crean situaciones que les empujan a la toma de decisiones en el aula,&nbsp;a la realizaci\u00f3n de an\u00e1lisis, reflexiones y debates y a la b\u00fasqueda de informaci\u00f3n.<\/p>\n\n\n\n<h2 class=\"has-text-align-left margen1 wp-block-heading\">Proyectos art\u00edsticos y musicales<\/h2>\n\n\n\n<p>Empleamos el movimiento, la m\u00fasica, la dramatizaci\u00f3n y la expresi\u00f3n corporal para ayudar a un desarrollo completo del alumnado.&nbsp;<\/p>\n\n\n\n<p>Observar obras de arte e impulsar los momentos creativos favorece el pensamiento, la capacidad interpretativa, el lenguaje y la experimentaci\u00f3n. Es en estos momentos creativos cuando se trabaja la expresi\u00f3n art\u00edstica, utilizando t\u00e9cnicas diversas mediante la imitaci\u00f3n y la originalidad,&nbsp;en la propia creatividad y en la reproducci\u00f3n.<\/p>\n\n\n\n<h2 class=\"has-text-align-left margen1 wp-block-heading\">Tratamiento a la diversidad<\/h2>\n\n\n\n<p>Cada alumno o alumna es \u00fanico, por eso tenemos en cuenta sus necesidades espec\u00edficas y nos esforzamos por responder, bajo la protecci\u00f3n del orientador\/a y profesor\/a de Pedagog\u00eda Terap\u00e9utica. Prestamos especial atenci\u00f3n a las personas necesitadas, elaborando planes individuales bajo la una tutela especializada.<\/p>\n\n\n\n<p>Se ejercen diversas medidas: adaptaci\u00f3n de la metodolog\u00eda, medidas de refuerzo y elaboraci\u00f3n de planes individuales. Se imparten clases especiales: de refuerzo ling\u00fc\u00edstico para alumnado con necesidades especiales, de euskera y castellano para inmigrantes, y con materiales complementarios para alumnado con altas capacidades.<\/p>\n\n\n\n<h2 class=\"has-text-align-left margen1 wp-block-heading\">Salidas, estancias y celebraciones<\/h2>\n\n\n\n<p>Etapa honetan garrantzi handia ematen zaio sozializazioari eta bizikidetzari, hainbat girotan, hala ospakizunetan nola ikastetxearen barruan; Euskararen Eguna, A21 Eguna, Gabonak, Santa Ageda, Bakearen Eguna, Inauteriak, Emakumearen Eguna, Ikastetxearen Eguna, Kultur Astea\u2026, eta baita handik kanpo ere, Pasaia, Gorbeia&#8230; eta egonaldiak&nbsp;<a href=\"https:\/\/www.baratze.com\/\" target=\"_blank\" rel=\"noopener\">Baratzen<\/a>.<\/p>\n\n\n\n<h2 class=\"has-text-align-left margen1 wp-block-heading\">Actividades extraescolares<\/h2>\n\n\n\n<p>El desarrollo corporal de los ni\u00f1os desde muy peque\u00f1os es algo imprescindible, por eso la mayor\u00eda de las actividades extraescolares que ofrecemos al alumnado de estas edades responde a este enfoque: <em>dantzatxiki,<\/em> <em>dance<\/em>,&nbsp; gimnasia r\u00edtmica, f\u00fatbol&#8230; Tambi\u00e9n se ofrecen m\u00fasica, <em>trikitixa<\/em>, pandero e ingl\u00e9s.<\/p>\n\n\n\n<p>Si buscas un colegio y quieres conocernos, ll\u00e1manos o escr\u00edbenos y estaremos contigo.<\/p>\n<\/div>\n<\/div>\n","protected":false},"excerpt":{"rendered":"<p class=\"resumen\"><a href=\"https:\/\/elcarmelo.eus\/es\/proyecto-educativo-0-18\/educacion-infantil-3-6\/\">En esta etapa nuestra relaci\u00f3n con las familias es muy estrecha. Trabajamos inteligencias m\u00faltiples por proyectos, porque cada ni\u00f1o\/a tiene  [&hellip;]<\/a><\/p>\n","protected":false},"author":7,"featured_media":0,"parent":11095,"menu_order":0,"comment_status":"closed","ping_status":"closed","template":"","meta":{"pgc_sgb_lightbox_settings":"","footnotes":""},"class_list":["post-11845","page","type-page","status-publish","hentry"],"_links":{"self":[{"href":"https:\/\/elcarmelo.eus\/es\/wp-json\/wp\/v2\/pages\/11845","targetHints":{"allow":["GET"]}}],"collection":[{"href":"https:\/\/elcarmelo.eus\/es\/wp-json\/wp\/v2\/pages"}],"about":[{"href":"https:\/\/elcarmelo.eus\/es\/wp-json\/wp\/v2\/types\/page"}],"author":[{"embeddable":true,"href":"https:\/\/elcarmelo.eus\/es\/wp-json\/wp\/v2\/users\/7"}],"replies":[{"embeddable":true,"href":"https:\/\/elcarmelo.eus\/es\/wp-json\/wp\/v2\/comments?post=11845"}],"version-history":[{"count":4,"href":"https:\/\/elcarmelo.eus\/es\/wp-json\/wp\/v2\/pages\/11845\/revisions"}],"predecessor-version":[{"id":42041,"href":"https:\/\/elcarmelo.eus\/es\/wp-json\/wp\/v2\/pages\/11845\/revisions\/42041"}],"up":[{"embeddable":true,"href":"https:\/\/elcarmelo.eus\/es\/wp-json\/wp\/v2\/pages\/11095"}],"wp:attachment":[{"href":"https:\/\/elcarmelo.eus\/es\/wp-json\/wp\/v2\/media?parent=11845"}],"curies":[{"name":"wp","href":"https:\/\/api.w.org\/{rel}","templated":true}]}}