{"id":11885,"date":"2020-01-16T12:11:31","date_gmt":"2020-01-16T11:11:31","guid":{"rendered":"https:\/\/www.elcarmelo.eus\/?page_id=11885"},"modified":"2023-02-23T14:37:34","modified_gmt":"2023-02-23T13:37:34","slug":"educacion-secundaria-obligatoria-12-16","status":"publish","type":"page","link":"https:\/\/elcarmelo.eus\/es\/proyecto-educativo-0-18\/educacion-secundaria-obligatoria-12-16\/","title":{"rendered":"Educaci\u00f3n Secundaria Obligatoria: 12-16 a\u00f1os"},"content":{"rendered":"\n<div class=\"wp-block-columns estructura3 margen-b-1 is-layout-flex wp-container-core-columns-is-layout-9d6595d7 wp-block-columns-is-layout-flex\">\n<div class=\"wp-block-column is-layout-flow wp-block-column-is-layout-flow\">\n<a href=\"https:\/\/elcarmelo.eus\/es\/hezkuntza-proiektua-0-18\/haurreskola-0-3-urte\/\" class=\"boton3\">HAURRESKOLA<\/a>\n<\/div>\n\n\n\n<div class=\"wp-block-column is-layout-flow wp-block-column-is-layout-flow\">\n<a href=\"https:\/\/elcarmelo.eus\/es\/hezkuntza-proiektua-0-18\/haur-hezkuntza-3-6-urte\/\" class=\"boton3\">EDUCACI\u00d3N INFANTIL<\/a>\r\n<\/div>\n\n\n\n<div class=\"wp-block-column is-layout-flow wp-block-column-is-layout-flow\">\n<a href=\"https:\/\/elcarmelo.eus\/es\/hezkuntza-proiektua-0-18\/lehen-hezkuntza-6-12-urte\/\" class=\"boton3\">EDUCACI\u00d3N PRIMARIA<\/a>\r\n<\/div>\n\n\n\n<div class=\"wp-block-column is-layout-flow wp-block-column-is-layout-flow\">\n<a href=\"https:\/\/elcarmelo.eus\/es\/hezkuntza-proiektua-0-18\/derrigorrezko-bigarren-hezkuntza-12-16-urte\/\" class=\"boton3\">EDUC.  SECUNDARIA<\/a>\r\n<\/div>\n\n\n\n<div class=\"wp-block-column is-layout-flow wp-block-column-is-layout-flow\">\n<a href=\"https:\/\/elcarmelo.eus\/es\/hezkuntza-proiektua-0-18\/batxilergoa-16-18-urte\/\" class=\"boton3\">BACHILLER<\/a>\r\n<\/div>\n<\/div>\n\n\n\n<div class=\"wp-block-columns estructura3 is-layout-flex wp-container-core-columns-is-layout-9d6595d7 wp-block-columns-is-layout-flex\">\n<div class=\"wp-block-column estructura3 is-layout-flow wp-block-column-is-layout-flow\">\n<div class=\"wp-block-columns is-layout-flex wp-container-core-columns-is-layout-9d6595d7 wp-block-columns-is-layout-flex\">\n<div class=\"wp-block-column is-layout-flow wp-block-column-is-layout-flow\">\n<figure class=\"wp-block-image grande\"><img decoding=\"async\" src=\"https:\/\/elcarmelo.eus\/wp-content\/uploads\/2020\/06\/dbh1-.jpg\" alt=\"dbh1\"\/><\/figure>\n<\/div>\n\n\n\n<div class=\"wp-block-column is-layout-flow wp-block-column-is-layout-flow\">\n<p>En la etapa de Secundaria trabajamos para que nuestros alumnos\/as desarrollen su personalidad y sean competentes. Les ofrecemos una educaci\u00f3n integral y atenci\u00f3n individualizada, siendo primordial el acompa\u00f1amiento de las familias.<\/p>\n\n\n\n<p>El alumno\/a es protagonista de su propio aprendizaje y desarrollo personal teniendo que adquirir habilidades y competencias para hacer frente a los problemas de la sociedad. Siendo as\u00ed reforzaremos la toma de decisiones, el esp\u00edritu cr\u00edtico, la autonom\u00eda, la creatividad y el trabajo en equipo.<\/p>\n\n\n\n<p>Educamos en el \u00e1mbito acad\u00e9mico y tambi\u00e9n en valores bajo el carisma carmelitano: solidaridad, autenticidad, compromiso, responsabilidad, sensibilidad hacia el medio ambiente y respeto. Trabajamos la interioridad.<\/p>\n<\/div>\n<\/div>\n<\/div>\n<\/div>\n\n\n\n<div class=\"wp-block-columns estructura3 is-layout-flex wp-container-core-columns-is-layout-9d6595d7 wp-block-columns-is-layout-flex\">\n<div class=\"wp-block-column estructura3 is-layout-flow wp-block-column-is-layout-flow\">\n<div class=\"wp-block-columns estructura3 margen1 is-layout-flex wp-container-core-columns-is-layout-9d6595d7 wp-block-columns-is-layout-flex\">\n<div class=\"wp-block-column is-vertically-aligned-center is-layout-flow wp-block-column-is-layout-flow\">\n<h2 class=\"wp-block-heading\">HIZKUNTZAK<\/h2>\n\n\n\n<p>Teniendo en cuenta que la sociedad del s. XXI es pluriling\u00fce y multicultural apostamos por el&nbsp; pluriling\u00fcismo. Dos lenguas oficiales: <strong>euskera <\/strong>+ <strong>castellano<\/strong>, y una tercera lengua, el <strong>ingl\u00e9s<\/strong>.<\/p>\n\n\n\n<p>La oferta ling\u00fc\u00edstica se incrementa con un cuarto idioma, <strong>alem\u00e1n<\/strong>, que se imparte como optativa a partir de 3\u00ba de la ESO.<\/p>\n\n\n\n<p>Los alumnos de esta etapa cursos sus estudios partiendo de un modelo D, en euskera. Promovemos el uso del euskera, realizando las actividades establecidas en el plan de normalizaci\u00f3n.<\/p>\n<\/div>\n\n\n\n<div class=\"wp-block-column is-vertically-aligned-center is-layout-flow wp-block-column-is-layout-flow\">\n<p>Reforzamos el ingl\u00e9s con las siguientes actividades:<\/p>\n\n\n\n<ul class=\"wp-block-list\">\n<li>una asignatura del curr\u00edculo se imparte en esta lengua.<\/li>\n\n\n\n<li>intercambio escolar con un centro de Dinamarca, con los alumnos de 4\u00ba de la ESO para reforzar las competencias relacionadas con la comprension y expresion de los alumnos.<\/li>\n\n\n\n<li>posibilidad de obtener los certificados oficiales de en lengua inglesa expedidas por Cambridge University.<\/li>\n\n\n\n<li>clases extraescolares de ingl\u00e9s para la obtenci\u00f3n de los certificados oficiales.<\/li>\n\n\n\n<li>opci\u00f3n de comenzar a cursar el Bachillerato Dual a partir de 2\u00ba de la ESO, lo que les permite recibir a los alumnos la misma titulaci\u00f3n que los estadounidenses al finalizar el High School.<\/li>\n\n\n\n<li>asistimos a obras teatrales en lengua inglesa.<\/li>\n<\/ul>\n<\/div>\n\n\n\n<div class=\"wp-block-column is-vertically-aligned-center is-layout-flow wp-block-column-is-layout-flow\">\n<figure class=\"wp-block-image grande\"><img decoding=\"async\" src=\"https:\/\/elcarmelo.eus\/wp-content\/uploads\/2020\/06\/dbh-idiomas.jpg\" alt=\"dbh-idiomas\"\/><\/figure>\n<\/div>\n<\/div>\n\n\n\n<div class=\"wp-block-columns estructura3 margen1 is-layout-flex wp-container-core-columns-is-layout-9d6595d7 wp-block-columns-is-layout-flex\">\n<div class=\"wp-block-column is-vertically-aligned-center is-layout-flow wp-block-column-is-layout-flow\">\n<figure class=\"wp-block-image\"><img decoding=\"async\" src=\"https:\/\/elcarmelo.eus\/wp-content\/uploads\/2020\/06\/dbh-orientacion.jpg\" alt=\"dbh-orientacion\"\/><\/figure>\n<\/div>\n\n\n\n<div class=\"wp-block-column is-vertically-aligned-center is-layout-flow wp-block-column-is-layout-flow\">\n<h2 class=\"wp-block-heading\">PLAN DE TUTOR\u00cdA<\/h2>\n\n\n\n<p>En el proyecto educativo del centro, el Plan de Tutor\u00eda es la estructura organizativa de todas las actividades de orientaci\u00f3n y seguimiento durante el proceso de escolarizaci\u00f3n del alumnado. Este plan se basa en 4 bloques:<\/p>\n\n\n\n<p><strong>Garapen pertsonala<\/strong> (Norberaren ezagutza, onarpena eta zaintza, hezkuntza emozionala, baloreak)<\/p>\n\n\n\n<p><strong>Besteekiko harremanak<\/strong> (Talde antolatzea, elkarbizitza, hezkidetza, sare sozialak, giza eskubideak, berdintasunean desberdinak, inklusioa)<\/p>\n\n\n\n<p><strong>Ikaskuntza prozesua<\/strong> (Antolamendua eta planifikazioa, errendimendua eta emaitzak)<\/p>\n\n\n\n<p><strong>Orientazio akademiko-profesionala<\/strong> (Ibilbideak aztertzea, informazioa bilatzea: ikasketak, lanbideak, aisia\u2026, erabakiak hartzea)<\/p>\n\n\n\n<p>Gaur egungo gizarteari erantzuna emateko bizikidetza, inklusioa eta hezkidetzari aparteko lekua emango diogu gure Tutoretza Planean.<\/p>\n<\/div>\n<\/div>\n\n\n\n<div class=\"wp-block-columns estructura3 margen1 is-layout-flex wp-container-core-columns-is-layout-9d6595d7 wp-block-columns-is-layout-flex\">\n<div class=\"wp-block-column is-vertically-aligned-center is-layout-flow wp-block-column-is-layout-flow\">\n<h2 class=\"wp-block-heading\">Tratamiento a la diversidad<\/h2>\n\n\n\n<p>Cada alumno es \u00fanico, por eso estamos preparados para responder a sus propias necesidades. Eso nos permite prestar especial atenci\u00f3n a las personas que lo necesitan, elaborando planes individuales bajo los auspicios de orientadores y PT (Pedagog\u00eda Terap\u00e9utica).<\/p>\n\n\n\n<p>Con ese objetivo se adoptan varios tipos de refuerzo. Por ejemplo, clases especiales de aprendizaje de euskera y castellano para inmigrantes, y materiales complementarios para alumnos de alta capacidad.<\/p>\n<\/div>\n\n\n\n<div class=\"wp-block-column is-vertically-aligned-center is-layout-flow wp-block-column-is-layout-flow\">\n<figure class=\"wp-block-image\"><img decoding=\"async\" src=\"https:\/\/elcarmelo.eus\/wp-content\/uploads\/2020\/06\/dbh4.jpg\" alt=\"dbh\"\/><\/figure>\n<\/div>\n\n\n\n<div class=\"wp-block-column is-vertically-aligned-center is-layout-flow wp-block-column-is-layout-flow\">\n<h2 class=\"wp-block-heading\">ApS<\/h2>\n\n\n\n<p>El ApS busca integrar y dar sentido a los contenidos acad\u00e9micos, pero d\u00e1ndole un valor pr\u00e1ctico que reporta en un beneficio a la sociedad, lo cual nos conlleva a integrarnos de modo activo en nuestra realidad social.<\/p>\n\n\n\n<p>En Secundaria se desarrolla especialmente en 3\u00ba de la ESO, ayudando al Banco de Alimentos de Bizkaia, por una parte, y al Banco de Sangre, por otra.<\/p>\n<\/div>\n<\/div>\n\n\n\n<div class=\"wp-block-columns estructura3 margen1 is-layout-flex wp-container-core-columns-is-layout-9d6595d7 wp-block-columns-is-layout-flex\">\n<div class=\"wp-block-column is-vertically-aligned-center is-layout-flow wp-block-column-is-layout-flow\">\n<figure class=\"wp-block-image\"><img decoding=\"async\" src=\"https:\/\/elcarmelo.eus\/wp-content\/uploads\/2020\/06\/dbh5.jpg\" alt=\"dbh5\"\/><\/figure>\n<\/div>\n\n\n\n<div class=\"wp-block-column is-vertically-aligned-center is-layout-flow wp-block-column-is-layout-flow\">\n<h2 class=\"wp-block-heading\">Salidas, estancias y celebraciones<\/h2>\n\n\n\n<p>La experiencia nos dice que las salidas y estancias fuera del \u00e1mbito escolar son muy positivas para los alumnos, para fomentar la convivencia y el conocimiento y respeto entre iguales. Es por ello que organizamos diferentes salidas, como por ejemplo:<\/p>\n\n\n\n<ul class=\"wp-block-list\">\n<li>deportivas: eski, surf, tirolinas<\/li>\n\n\n\n<li>culturales: teatro, museos<\/li>\n\n\n\n<li>A21: depuradoras, Flysch<\/li>\n\n\n\n<li>Pastoral: Edukalboan, Santiago Bidea, udalekuak<\/li>\n\n\n\n<li>idiomas: Dinamarca, estancias de verano en el extranjero<\/li>\n<\/ul>\n<\/div>\n\n\n\n<div class=\"wp-block-column is-vertically-aligned-center is-layout-flow wp-block-column-is-layout-flow\">\n<figure class=\"wp-block-image\"><img decoding=\"async\" src=\"https:\/\/elcarmelo.eus\/wp-content\/uploads\/2020\/06\/dbh6.jpg\" alt=\"dbh6\"\/><\/figure>\n<\/div>\n<\/div>\n<\/div>\n<\/div>\n\n\n\n<p><\/p>\n\n\n\n<p><\/p>\n","protected":false},"excerpt":{"rendered":"<p class=\"resumen\"><a href=\"https:\/\/elcarmelo.eus\/es\/proyecto-educativo-0-18\/educacion-secundaria-obligatoria-12-16\/\">En la etapa de Secundaria trabajamos para que nuestros alumnos\/as desarrollen su personalidad y sean competentes. Les ofrecemos una educaci\u00f3n  [&hellip;]<\/a><\/p>\n","protected":false},"author":7,"featured_media":0,"parent":11095,"menu_order":0,"comment_status":"closed","ping_status":"closed","template":"","meta":{"pgc_sgb_lightbox_settings":"","footnotes":""},"class_list":["post-11885","page","type-page","status-publish","hentry"],"_links":{"self":[{"href":"https:\/\/elcarmelo.eus\/es\/wp-json\/wp\/v2\/pages\/11885","targetHints":{"allow":["GET"]}}],"collection":[{"href":"https:\/\/elcarmelo.eus\/es\/wp-json\/wp\/v2\/pages"}],"about":[{"href":"https:\/\/elcarmelo.eus\/es\/wp-json\/wp\/v2\/types\/page"}],"author":[{"embeddable":true,"href":"https:\/\/elcarmelo.eus\/es\/wp-json\/wp\/v2\/users\/7"}],"replies":[{"embeddable":true,"href":"https:\/\/elcarmelo.eus\/es\/wp-json\/wp\/v2\/comments?post=11885"}],"version-history":[{"count":2,"href":"https:\/\/elcarmelo.eus\/es\/wp-json\/wp\/v2\/pages\/11885\/revisions"}],"predecessor-version":[{"id":42054,"href":"https:\/\/elcarmelo.eus\/es\/wp-json\/wp\/v2\/pages\/11885\/revisions\/42054"}],"up":[{"embeddable":true,"href":"https:\/\/elcarmelo.eus\/es\/wp-json\/wp\/v2\/pages\/11095"}],"wp:attachment":[{"href":"https:\/\/elcarmelo.eus\/es\/wp-json\/wp\/v2\/media?parent=11885"}],"curies":[{"name":"wp","href":"https:\/\/api.w.org\/{rel}","templated":true}]}}