{"id":13094,"date":"2020-01-28T10:32:16","date_gmt":"2020-01-28T09:32:16","guid":{"rendered":"https:\/\/www.elcarmelo.eus\/?page_id=13094"},"modified":"2025-09-23T08:25:33","modified_gmt":"2025-09-23T06:25:33","slug":"politica-de-privacidad","status":"publish","type":"page","link":"https:\/\/elcarmelo.eus\/es\/politica-de-privacidad\/","title":{"rendered":"Pol\u00edtica de Privacidad"},"content":{"rendered":"\n<p>La presente pol\u00edtica de privacidad tiene como finalidad informarle del tratamiento que se har\u00e1 de los datos personales que facilite o vaya a facilitar en su navegaci\u00f3n, para el caso de que contin\u00fae navegando. As\u00ed mismo, recoge la pol\u00edtica de protecci\u00f3n de datos, para los casos en que se haga una remisi\u00f3n expresa a la misma.<\/p>\n\n\n\n<p><strong>1. RESPONSABLE DEL TRATAMIENTO<\/strong><\/p>\n\n\n\n<p>El responsable del tratamiento y entidad titular del dominio https:\/\/elcarmelo.eus\/ (en adelante, el<br>Sitio Web), es El Carmelo Ikastetxea con domicilio en c\/ Calvario, 4, 48340 Amorebieta (Bizkaia) con<br>CIF n\u00ba: R4800397D<\/p>\n\n\n\n<p>Datos de contacto:<br>Tel\u00e9fono: (+34) 946 73 09 02<br>Correo electr\u00f3nico: <a href=\"mailto:ikastetxea@elcarmelo.eus\">ikastetxea@elcarmelo.eus<\/a><\/p>\n\n\n\n<p>Contamos con un Delegado de Protecci\u00f3n de Datos. Cuenta con las facultades atribuidas por la ley relacionadas con la protecci\u00f3n de los datos personales. Puede ponerse en contacto con el mismo remitiendo una comunicaci\u00f3n a la siguiente direcci\u00f3n de correo electr\u00f3nico: <a href=\"mailto:dpd@elcarmelo.eus\">dpd@elcarmelo.eus<\/a><\/p>\n\n\n\n<p><strong>2. FINALIDAD DEL TRATAMIENTO Y LEGITIMACI\u00d3N<\/strong><\/p>\n\n\n\n<p>Los datos que facilite tienen como finalidad:<\/p>\n\n\n\n<p>a) Remitirle la informaci\u00f3n solicitada y resolver las consultas que realice a trav\u00e9s del apartado de contacto puesto a su disposici\u00f3n en el sitio Web. La base de legitimaci\u00f3n es el consentimiento prestado.<\/p>\n\n\n\n<p>b) Responder a las consultas que realice en relaci\u00f3n con el ejercicio de los derechos sobre los que le informa m\u00e1s adelante. La base de legitimaci\u00f3n es el cumplimiento de obligaciones legales por parte de la entidad. En el cumplimiento de estas obligaciones, sus datos se podr\u00e1n comunicar a las Administraciones P\u00fablicas y tribunales, siempre que tal informaci\u00f3n sea requerida conforme a los procesos legales establecidos.<\/p>\n\n\n\n<p>c) Al remitir su curr\u00edculum est\u00e1 dando autorizaci\u00f3n para analizar los datos y documentos contenidos en el mismo. Ser\u00e1n conservados durante el plazo m\u00e1ximo de un a\u00f1o, salvo que manifieste lo contrario. La base de legitimaci\u00f3n es el consentimiento prestado.<\/p>\n\n\n\n<p>d) Caso de que lo autorice expresamente, se le podr\u00e1 enviar informaci\u00f3n relacionada con la actividad de la entidad, a trav\u00e9s de cualquier medio electr\u00f3nico, incluso remisi\u00f3n de newsletter. Dicha informaci\u00f3n se<br>conservar\u00e1 mientras no solicite su supresi\u00f3n. La base de legitimaci\u00f3n es el consentimiento prestado.<\/p>\n\n\n\n<p>e) Canal de denuncias: En caso de que utilice nuestro canal de denuncias de manera identificada, la entidad tratar\u00e1 sus datos personales para tramitar su denuncia en el marco de la gesti\u00f3n del sistema interno de informaci\u00f3n, en cumplimiento de la Ley 2\/2023 de Protecci\u00f3n al Informante. La base de legitimaci\u00f3n es el consentimiento del interesado al interponer la denuncia voluntariamente, y el cumplimiento de una<br>obligaci\u00f3n legal.<\/p>\n\n\n\n<p><strong>3. PLAZO DE CONSERVACI\u00d3N DE LOS DATOS.<\/strong><\/p>\n\n\n\n<p>Los datos que facilite se conservar\u00e1n mientras exista un inter\u00e9s mutuo para mantener el fin del tratamiento. Ser\u00e1n bloqueados cuando hayan dejado de ser necesarios para la finalidad para la que fueron recabados o cuando haya ejercido su derecho de supresi\u00f3n, cancelaci\u00f3n y\/o limitaci\u00f3n del tratamiento. Transcurrido este per\u00edodo, ser\u00e1n suprimidos conforme a lo dispuesto en la normativa de protecci\u00f3n de datos, lo que implica su bloqueo. Quedar\u00e1n a disposici\u00f3n exclusiva de Jueces y Tribunales, el Ministerio Fiscal y las  administraciones competentes, en particular la de Protecci\u00f3n de Datos para la atenci\u00f3n de responsabilidades nacidas del tratamiento, durante el plazo de prescripci\u00f3n de estas. Cumplido el plazo indicado, se pasar\u00e1 a su destrucci\u00f3n con las medidas de seguridad adecuadas para garantizar la seudonimizaci\u00f3n o destrucci\u00f3n total de los mismos.<\/p>\n\n\n\n<p>Los datos recabados a trav\u00e9s de nuestro canal de denuncias ser\u00e1n conservados <strong>solo el tiempo necesario para la investigaci\u00f3n de los hechos, a no ser que de aquella se desprenda la adopci\u00f3n de determinadas medidas contra el denunciado, en cuyo supuesto ser\u00eda posible conservar los datos por un plazo superior. No obstante, con car\u00e1cter general<\/strong>, los datos se suprimir\u00e1n transcurridos tres meses desde la presentaci\u00f3n de la denuncia, salvo ampliaci\u00f3n del plazo de investigaci\u00f3n por otros 3 meses, que la finalidad sea la conservaci\u00f3n para dejar evidencia del funcionamiento del canal de denuncias, o se deriven de la misma procesos judiciales o investigaciones por parte de las autoridades competentes.<\/p>\n\n\n\n<p>Adem\u00e1s del tratamiento general del punto anterior, se observar\u00e1 el plazo de conservaci\u00f3n de cuatro a\u00f1os<br>(Art. 66 y siguientes de la Ley General Tributaria), y de seis sobre los libros de contabilidad y facturas (Art. 30 del C\u00f3digo de Comercio)<\/p>\n\n\n\n<p><strong>4. SUS DERECHOS<\/strong><\/p>\n\n\n\n<p>La normativa de protecci\u00f3n de datos le confiere los siguientes derechos en relaci\u00f3n con el tratamiento de<br>datos personales:<\/p>\n\n\n\n<ol class=\"wp-block-list\">\n<li><\/li>\n<\/ol>\n\n\n\n<ul class=\"wp-block-list\">\n<li>Derecho de acceso: derecho de acceso a sus datos personales para saber cu\u00e1les est\u00e1n siendo objeto  de tratamiento y las operaciones de tratamiento llevadas a cabo con ellos.<\/li>\n\n\n\n<li>Derecho de rectificaci\u00f3n: Poder solicitar la modificaci\u00f3n de sus datos por ser inexactos o no veraces.<\/li>\n\n\n\n<li>Derecho de portabilidad: Poder obtener una copia en un formato interoperable de los datos que est\u00e9n siendo tratados.<\/li>\n\n\n\n<li>Derecho a la limitaci\u00f3n del tratamiento: podr\u00e1 limitar el tratamiento de sus datos, en cuyo caso \u00fanicamente se conservar\u00e1n para el ejercicio o defensa de reclamaciones<\/li>\n\n\n\n<li>Derecho de supresi\u00f3n: Solicitar la supresi\u00f3n de sus datos cuando el tratamiento ya no resulte necesario. <\/li>\n\n\n\n<li>Derecho de oposici\u00f3n: Solicitar el cese en el env\u00edo de comunicaciones en los t\u00e9rminos se\u00f1alados.<\/li>\n\n\n\n<li>Derecho a revocar el consentimiento prestado.<\/li>\n<\/ul>\n\n\n\n<p>Para el ejercicio de estos derechos, deber\u00e1 remitir una solicitud expresa, junto a una copia de su DNI o documento acreditativo equivalente y en vigor, a trav\u00e9s de los siguientes medios:<\/p>\n\n\n\n<ul class=\"wp-block-list\">\n<li>CORREO ELECTR\u00d3NICO dirigido a la direcci\u00f3n <a href=\"mailto:zuzendaria@elcarmelo.eus\">zuzendaria@elcarmelo.eus<\/a> con asunto <strong>Protecci\u00f3n de Datos.<\/strong> Este env\u00edo deber\u00e1 realizarlo desde la direcci\u00f3n de correo electr\u00f3nico que incluy\u00f3 en el formulario. En caso contrario, no le ser\u00e1n mostrados, por no considerar suficientemente probada su identidad.<\/li>\n\n\n\n<li>POR CORREO POSTAL: Dirigido a la direcci\u00f3n: c\/ Calvario, 4<\/li>\n<\/ul>\n\n\n\n<p>Si ante la solicitud realizada no recibiera respuesta en tiempo y forma por parte de la entidad, o no encontrara esta satisfactoria, se informa que la autoridad de control competente es la Agencia Espa\u00f1ola de Protecci\u00f3n de Datos (<a href=\"http:\/\/www.aepd.es\" target=\"_blank\" rel=\"noreferrer noopener\">www.aepd.es<\/a>). En su p\u00e1gina web puede encontrar una serie de modelos que le ayudar\u00e1n en el ejercicio de sus derechos.<\/p>\n\n\n\n<p><strong>5. CESI\u00d3N DE DATOS<\/strong><\/p>\n\n\n\n<p>El Colegio El Carmelo School utiliza para el ejercicio de la funci\u00f3n docente las plataformas educativas de EDUCAMOS y Google Classroom\/G-Suite, lo que conlleva la transferencia internacional de datos de los alumnos y usuarios personales del centro a proveedores de alojamiento de datos de SM Educamos y Google. LLC, respectivamente, entidades con sede en Estados Unidos. Puedes consultar sus pol\u00edticas de privacidad. Del mismo modo, en caso de publicaci\u00f3n de datos de estudiantes y personal del centro en redes sociales como Facebook, Instagram, Twitter o YouTube, se producir\u00e1 la transferencia internacional de los datos a Facebook, Inc. Estas entidades tienen su sede en EE.UU., pa\u00eds que no cuenta con una decisi\u00f3n de adecuaci\u00f3n o garant\u00edas en materia de protecci\u00f3n de datos equiparables a las establecidas en el Espacio Econ\u00f3mico Europeo.<\/p>\n\n\n\n<p>Se informa expresamente a los usuarios que sus datos personales no ser\u00e1n cedidos en ning\u00fan caso a terceros, salvo obligaci\u00f3n legal. Cualquier excepci\u00f3n a esta norma, requerir\u00e1 su previo consentimiento expreso informado, e inequ\u00edvoco.<\/p>\n\n\n\n<p>El acceso a los datos personales contenidos en el Canal de denuncias quedar\u00e1 limitado, dentro del \u00e1mbito de sus competencias y funciones, exclusivamente a<\/p>\n\n\n\n<p>a) El Responsable del Canal de denuncias y a quien lo gestione directamente.<\/p>\n\n\n\n<p>b) El responsable de recursos humanos o el \u00f3rgano competente debidamente designado, solo cuando<br>pudiera proceder la adopci\u00f3n de medidas disciplinarias contra un trabajador.<\/p>\n\n\n\n<p>c) El responsable de los servicios jur\u00eddicos de la entidad, si procediera la adopci\u00f3n de medidas legales en<br>relaci\u00f3n con los hechos relatados en la comunicaci\u00f3n.<\/p>\n\n\n\n<p>d) Los encargados del tratamiento que eventualmente se designen.<\/p>\n\n\n\n<p>e) El delegado de protecci\u00f3n de datos.<\/p>\n\n\n\n<p>f) Juzgados y Tribunales, Fiscal\u00eda, cuando los hechos pudieran ser indiciariamente constitutivos de delito<\/p>\n\n\n\n<p><strong>6. MEDIDAS DE SEGURIDAD<\/strong><\/p>\n\n\n\n<p>El Carmelo Ikastetxea cumple con lo dispuesto en las normativas vigentes en protecci\u00f3n de datos personales (Reglamento (UE) 2016\/679 del Parlamento Europeo y del Consejo de 27 de abril de 2016 y Ley Org\u00e1nica 3\/2018, de 5 de diciembre, de Protecci\u00f3n de Datos Personales y Garant\u00eda de los Derechos Digitales) para el tratamiento de los datos personales de su responsabilidad, y manifiestamente con los principios descritos en el art\u00edculo 5 del RGPD, por los cuales son tratados de manera l\u00edcita, leal y transparente en relaci\u00f3n con el interesado, y adecuados, pertinentes y limitados a lo necesario, en relaci\u00f3n con los fines para los que son tratados.<\/p>\n\n\n\n<p>Ha implementado pol\u00edticas t\u00e9cnicas y organizativas apropiadas con el fin de proteger sus derechos y<br>libertades, facilit\u00e1ndole toda la informaci\u00f3n necesaria para que pueda ejercer los derechos que le asisten. No obstante, debe de ser consciente que las medidas de seguridad en Internet no son inexpugnables.<\/p>\n\n\n\n<p><strong>7. MENORES DE EDAD<\/strong><\/p>\n\n\n\n<p>Los menores de edad (14 a\u00f1os) no podr\u00e1n usar los servicios disponibles a trav\u00e9s del Sitio Web sin la previa autorizaci\u00f3n de sus padres, tutores o representantes legales, quienes ser\u00e1n los \u00fanicos responsables de todos los actos realizados a trav\u00e9s del Sitio Web por los menores a su cargo, incluyendo la cumplimentaci\u00f3n de los formularios con los datos personales de dichos menores y la marcaci\u00f3n, en su caso, de las casillas que los acompa\u00f1an. El Carmelo Ikastetxea no se responsabiliza de la veracidad y exactitud de los datos que cumplimente.<\/p>\n\n\n\n<p>El tratamiento de los datos personales de un menor de edad \u00fanicamente podr\u00e1 fundarse en su consentimiento cuando sea mayor de catorce a\u00f1os.<\/p>\n\n\n\n<p>Se except\u00faan los supuestos en que la ley exija la asistencia de los titulares de la patria potestad o tutela para la celebraci\u00f3n del acto o negocio jur\u00eddico en cuyo contexto se recaba el consentimiento para el tratamiento.<\/p>\n\n\n\n<p>El tratamiento de los datos de los menores de catorce a\u00f1os, fundado en el consentimiento, solo ser\u00e1 l\u00edcito si consta el del titular de la patria potestad o tutela, con el alcance que determinen los titulares de la patria potestad o tutela.8. <\/p>\n\n\n\n<p><strong>8. DURACI\u00d3N Y MODIFICACI\u00d3N DE LA POL\u00cdTICA DE PRIVACIDAD<\/strong><\/p>\n\n\n\n<p>El Carmelo Ikastetxea se reserva el derecho a modificar la presente Pol\u00edtica de Privacidad, total o parcialmente, publicando los cambios en el Sitio Web. Asimismo, se podr\u00e1 cambiar, suprimir o a\u00f1adir, sin previo aviso, tanto los contenidos y servicios prestados, as\u00ed como la forma en la que estos aparezcan presentados. En consecuencia, se entender\u00e1n como vigentes, las Pol\u00edticas que est\u00e9n publicadas en el momento en el que acceda por lo que deber\u00e1 leerlas peri\u00f3dicamente.<\/p>\n\n\n\n<p>Con independencia de lo dispuesto, se podr\u00e1 dar por terminado, suspender o interrumpir, en cualquier momento sin necesidad de preaviso, el acceso a los contenidos del Sitio Web, sin posibilidad por parte del Usuario de exigir indemnizaci\u00f3n alguna.<\/p>\n","protected":false},"excerpt":{"rendered":"<p class=\"resumen\"><a href=\"https:\/\/elcarmelo.eus\/es\/politica-de-privacidad\/\">La presente pol\u00edtica de privacidad tiene como finalidad informarle del tratamiento que se har\u00e1 de los datos personales que facilite  [&hellip;]<\/a><\/p>\n","protected":false},"author":7,"featured_media":0,"parent":0,"menu_order":0,"comment_status":"closed","ping_status":"closed","template":"","meta":{"pgc_sgb_lightbox_settings":"","footnotes":""},"class_list":["post-13094","page","type-page","status-publish","hentry"],"_links":{"self":[{"href":"https:\/\/elcarmelo.eus\/es\/wp-json\/wp\/v2\/pages\/13094","targetHints":{"allow":["GET"]}}],"collection":[{"href":"https:\/\/elcarmelo.eus\/es\/wp-json\/wp\/v2\/pages"}],"about":[{"href":"https:\/\/elcarmelo.eus\/es\/wp-json\/wp\/v2\/types\/page"}],"author":[{"embeddable":true,"href":"https:\/\/elcarmelo.eus\/es\/wp-json\/wp\/v2\/users\/7"}],"replies":[{"embeddable":true,"href":"https:\/\/elcarmelo.eus\/es\/wp-json\/wp\/v2\/comments?post=13094"}],"version-history":[{"count":4,"href":"https:\/\/elcarmelo.eus\/es\/wp-json\/wp\/v2\/pages\/13094\/revisions"}],"predecessor-version":[{"id":47439,"href":"https:\/\/elcarmelo.eus\/es\/wp-json\/wp\/v2\/pages\/13094\/revisions\/47439"}],"wp:attachment":[{"href":"https:\/\/elcarmelo.eus\/es\/wp-json\/wp\/v2\/media?parent=13094"}],"curies":[{"name":"wp","href":"https:\/\/api.w.org\/{rel}","templated":true}]}}