{"id":43945,"date":"2023-10-30T09:47:24","date_gmt":"2023-10-30T08:47:24","guid":{"rendered":"https:\/\/elcarmelo.eus\/entorno-seguro\/"},"modified":"2024-12-20T09:00:43","modified_gmt":"2024-12-20T08:00:43","slug":"entorno-seguro","status":"publish","type":"page","link":"https:\/\/elcarmelo.eus\/es\/entorno-seguro\/","title":{"rendered":"Entorno seguro"},"content":{"rendered":"\n<p>La conciencia y la sensibilidad que se han ido despertando en la sociedad y la Iglesia, respecto a la tragedia de los abusos sexuales (a menores sobre todo, pero tambi\u00e9n a adultos), nos mueve ahora, siguiendo el ejemplo de tantas instituciones eclesiales, a tratar de facilitar escucha, acogida y ayuda a las v\u00edctimas de religiosos, colaboradores o profesionales nuestros.Y no solo de este tipo de abusos, sino tambi\u00e9n de los de autoridad y conciencia. Por tanto, hacemos nuestros los protocolos de protecci\u00f3n y actuaci\u00f3n que aqu\u00ed se detallan [<a rel=\"noreferrer noopener\" href=\"https:\/\/www.confer.es\/724\/activos\/texto\/10202-politica-marco-d.pdf\" data-type=\"link\" data-id=\"https:\/\/www.confer.es\/724\/activos\/texto\/10202-politica-marco-d.pdf\" target=\"_blank\">CONFER (Conferencia Espa\u00f1ola de Religiosos)<\/a>]<\/p>\n\n\n\n<p>Si conoces o eres v\u00edctima de cualquier tipo de abuso, hemos habilitado un procedimiento confidencial para proteger a las posibles v\u00edctimas, esclarecer los hechos y ayudar a reparar los da\u00f1os.<\/p>\n\n\n\n<p><strong>Delegados de protecci\u00f3n o coordinadores de nuestros entornos seguros<\/strong><\/p>\n\n\n\n<p>En los inicios de este tipo de servicio, hemos visto conveniente que se encarguen de ello nuestros m\u00e1ximos representantes y responsables en cada una de las circunscripciones de nuestra Provincia de San Joaqu\u00edn de Navarra: <\/p>\n\n\n\n<div class=\"wp-block-columns is-layout-flex wp-container-core-columns-is-layout-9d6595d7 wp-block-columns-is-layout-flex\">\n<div class=\"wp-block-column is-vertically-aligned-center is-layout-flow wp-block-column-is-layout-flow\" style=\"flex-basis:320px\"><div class=\"wp-block-image\">\n<figure class=\"alignleft size-full is-resized\"><img loading=\"lazy\" decoding=\"async\" width=\"990\" height=\"661\" src=\"https:\/\/elcarmelo.eus\/wp-content\/uploads\/2023\/10\/s-jNHSBLdV1MSCdO4bu12xmw2tihJ.webp\" alt=\"\" class=\"wp-image-43917\" style=\"aspect-ratio:1.497730711043873;width:276px;height:auto\" srcset=\"https:\/\/elcarmelo.eus\/wp-content\/uploads\/2023\/10\/s-jNHSBLdV1MSCdO4bu12xmw2tihJ.webp 990w, https:\/\/elcarmelo.eus\/wp-content\/uploads\/2023\/10\/s-jNHSBLdV1MSCdO4bu12xmw2tihJ-768x513.webp 768w, https:\/\/elcarmelo.eus\/wp-content\/uploads\/2023\/10\/s-jNHSBLdV1MSCdO4bu12xmw2tihJ-150x100.webp 150w, https:\/\/elcarmelo.eus\/wp-content\/uploads\/2023\/10\/s-jNHSBLdV1MSCdO4bu12xmw2tihJ-300x200.webp 300w\" sizes=\"auto, (max-width: 990px) 100vw, 990px\" \/><\/figure>\n<\/div><\/div>\n\n\n\n<div class=\"wp-block-column is-vertically-aligned-center is-layout-flow wp-block-column-is-layout-flow\">\n<p><strong>Contacto:<br><\/strong>Superior Provincial<br>Fray Jon Korta Arcelus<br><a rel=\"noreferrer noopener\" href=\"mailto:provincial@ocdnavarra.com\" target=\"_blank\">provincial@ocdnavarra.com<br><\/a>Tfno: 945 14 47 16<\/p>\n\n\n\n<p><a href=\"https:\/\/canaletico.datagestion.net\/clientes\/Ikastetxea\/\" target=\"_blank\" rel=\"noreferrer noopener\">Canal \u00c9tico<\/a><\/p>\n<\/div>\n<\/div>\n","protected":false},"excerpt":{"rendered":"<p class=\"resumen\"><a href=\"https:\/\/elcarmelo.eus\/es\/entorno-seguro\/\">La conciencia y la sensibilidad que se han ido despertando en la sociedad y la Iglesia, respecto a la tragedia  [&hellip;]<\/a><\/p>\n","protected":false},"author":12,"featured_media":0,"parent":0,"menu_order":0,"comment_status":"closed","ping_status":"closed","template":"","meta":{"pgc_sgb_lightbox_settings":"","footnotes":""},"class_list":["post-43945","page","type-page","status-publish","hentry"],"_links":{"self":[{"href":"https:\/\/elcarmelo.eus\/es\/wp-json\/wp\/v2\/pages\/43945","targetHints":{"allow":["GET"]}}],"collection":[{"href":"https:\/\/elcarmelo.eus\/es\/wp-json\/wp\/v2\/pages"}],"about":[{"href":"https:\/\/elcarmelo.eus\/es\/wp-json\/wp\/v2\/types\/page"}],"author":[{"embeddable":true,"href":"https:\/\/elcarmelo.eus\/es\/wp-json\/wp\/v2\/users\/12"}],"replies":[{"embeddable":true,"href":"https:\/\/elcarmelo.eus\/es\/wp-json\/wp\/v2\/comments?post=43945"}],"version-history":[{"count":5,"href":"https:\/\/elcarmelo.eus\/es\/wp-json\/wp\/v2\/pages\/43945\/revisions"}],"predecessor-version":[{"id":46410,"href":"https:\/\/elcarmelo.eus\/es\/wp-json\/wp\/v2\/pages\/43945\/revisions\/46410"}],"wp:attachment":[{"href":"https:\/\/elcarmelo.eus\/es\/wp-json\/wp\/v2\/media?parent=43945"}],"curies":[{"name":"wp","href":"https:\/\/api.w.org\/{rel}","templated":true}]}}